{"id":76058,"date":"2026-02-12T18:15:36","date_gmt":"2026-02-12T16:15:36","guid":{"rendered":"https:\/\/www.clinica-sante.com\/ro\/analize\/anticorpi-anti-mcv-vimentina-citrulinata-mutanta\/"},"modified":"2026-03-24T10:30:34","modified_gmt":"2026-03-24T08:30:34","slug":"anticorpi-anti-mcv-vimentina-citrulinata-mutanta","status":"publish","type":"product","link":"https:\/\/www.clinica-sante.com\/ro\/analize-boli-autoimune\/anticorpi-anti-mcv-vimentina-citrulinata-mutanta\/","title":{"rendered":"Anticorpi anti-MCV (vimentina citrulinata mutanta)"},"content":{"rendered":"","protected":false},"excerpt":{"rendered":"<p>Analiza detecteaz\u0103 autoanticorpi \u00eendrepta\u021bi \u00eempotriva vimentinei citrulinate mutante, un marker specific \u00een poliartrita reumatoid\u0103. Este mai sensibil \u00een formele timpurii de boal\u0103 \u0219i ajut\u0103 la stabilirea diagnosticului precoce, precum \u0219i la diferen\u021bierea fa\u021b\u0103 de alte forme de artrit\u0103.<\/p>\n","protected":false},"featured_media":0,"template":"","meta":{"_acf_changed":false,"inline_featured_image":false},"product_brand":[],"product_cat":[1209,3181,2876],"product_tag":[],"class_list":{"0":"post-76058","1":"product","2":"type-product","3":"status-publish","5":"product_cat-analize","6":"product_cat-boli-autoimune","7":"product_cat-serviciu-laborator","8":"pa_conditii-medicale-afecti-poliartrita-reumatoida","10":"first","11":"instock","12":"sale","13":"shipping-taxable","14":"purchasable","15":"product-type-simple"},"acf":[],"aioseo_notices":[],"_links":{"self":[{"href":"https:\/\/www.clinica-sante.com\/ro\/wp-json\/wp\/v2\/product\/76058","targetHints":{"allow":["GET"]}}],"collection":[{"href":"https:\/\/www.clinica-sante.com\/ro\/wp-json\/wp\/v2\/product"}],"about":[{"href":"https:\/\/www.clinica-sante.com\/ro\/wp-json\/wp\/v2\/types\/product"}],"wp:attachment":[{"href":"https:\/\/www.clinica-sante.com\/ro\/wp-json\/wp\/v2\/media?parent=76058"}],"wp:term":[{"taxonomy":"product_brand","embeddable":true,"href":"https:\/\/www.clinica-sante.com\/ro\/wp-json\/wp\/v2\/product_brand?post=76058"},{"taxonomy":"product_cat","embeddable":true,"href":"https:\/\/www.clinica-sante.com\/ro\/wp-json\/wp\/v2\/product_cat?post=76058"},{"taxonomy":"product_tag","embeddable":true,"href":"https:\/\/www.clinica-sante.com\/ro\/wp-json\/wp\/v2\/product_tag?post=76058"}],"curies":[{"name":"wp","href":"https:\/\/api.w.org\/{rel}","templated":true}]}}