{"id":74466,"date":"2026-02-05T15:42:06","date_gmt":"2026-02-05T12:42:06","guid":{"rendered":"https:\/\/www.clinica-sante.com\/ro\/analize\/her-2-neu-imunohistochimie\/"},"modified":"2026-03-31T10:14:04","modified_gmt":"2026-03-31T07:14:04","slug":"her-2-neu-imunohistochimie","status":"publish","type":"product","link":"https:\/\/www.clinica-sante.com\/ro\/analize-anatomie-patologica\/her-2-neu-imunohistochimie\/","title":{"rendered":"HER-2\/neu \u2013 imunohistochimie"},"content":{"rendered":"","protected":false},"excerpt":{"rendered":"<p>HER-2\/neu este o protein\u0103 implicat\u0103 \u00een cre\u0219terea \u0219i proliferarea celular\u0103, a c\u0103rei expresie poate fi crescut\u0103 \u00een anumite tipuri de cancer, precum cancerul mamar sau gastric. Testul identific\u0103 supraexprimarea acestei proteine \u00eentr-o prob\u0103 de \u021besut \u0219i ajut\u0103 la evaluarea prognosticului \u0219i la alegerea terapiei adecvate.<\/p>\n","protected":false},"featured_media":0,"template":"","meta":{"_acf_changed":false,"inline_featured_image":false},"product_brand":[],"product_cat":[1209,3168,2876],"product_tag":[],"class_list":{"0":"post-74466","1":"product","2":"type-product","3":"status-publish","5":"product_cat-analize","6":"product_cat-anatomie-patologica","7":"product_cat-serviciu-laborator","9":"first","10":"instock","11":"sale","12":"virtual","13":"purchasable","14":"product-type-simple"},"acf":[],"aioseo_notices":[],"_links":{"self":[{"href":"https:\/\/www.clinica-sante.com\/ro\/wp-json\/wp\/v2\/product\/74466","targetHints":{"allow":["GET"]}}],"collection":[{"href":"https:\/\/www.clinica-sante.com\/ro\/wp-json\/wp\/v2\/product"}],"about":[{"href":"https:\/\/www.clinica-sante.com\/ro\/wp-json\/wp\/v2\/types\/product"}],"wp:attachment":[{"href":"https:\/\/www.clinica-sante.com\/ro\/wp-json\/wp\/v2\/media?parent=74466"}],"wp:term":[{"taxonomy":"product_brand","embeddable":true,"href":"https:\/\/www.clinica-sante.com\/ro\/wp-json\/wp\/v2\/product_brand?post=74466"},{"taxonomy":"product_cat","embeddable":true,"href":"https:\/\/www.clinica-sante.com\/ro\/wp-json\/wp\/v2\/product_cat?post=74466"},{"taxonomy":"product_tag","embeddable":true,"href":"https:\/\/www.clinica-sante.com\/ro\/wp-json\/wp\/v2\/product_tag?post=74466"}],"curies":[{"name":"wp","href":"https:\/\/api.w.org\/{rel}","templated":true}]}}