{"id":29075,"date":"2025-07-08T16:09:13","date_gmt":"2025-07-08T13:09:13","guid":{"rendered":"https:\/\/www.clinica-sante.com\/ro\/analize-fara-categorie\/pachet-examen-citologic-al-frotiului-sanguin-si-hemoleucograma-completa\/"},"modified":"2026-03-31T09:43:56","modified_gmt":"2026-03-31T06:43:56","slug":"pachet-examen-citologic-al-frotiului-sanguin-si-hemoleucograma-completa","status":"publish","type":"product","link":"https:\/\/www.clinica-sante.com\/ro\/analize-hematologie\/pachet-examen-citologic-al-frotiului-sanguin-si-hemoleucograma-completa\/","title":{"rendered":"Examen citologic al frotiului sanguin (HLG inclusa)"},"content":{"rendered":"","protected":false},"excerpt":{"rendered":"<p>Testul analizeaz\u0103 microscopic celulele sanguine dintr-un frotiu de s\u00e2nge (o pic\u0103tur\u0103 de s\u00e2nge \u00eentins\u0103 pe lam\u0103), oferind informa\u021bii detaliate despre forma \u0219i structura acestora. Include hemoleucograma (HLG) \u0219i este utilizat \u00een diagnosticul anemiilor, infec\u021biilor sau al altor afec\u021biuni hematologice.<\/p>\n","protected":false},"featured_media":0,"template":"","meta":{"_acf_changed":false,"inline_featured_image":false},"product_brand":[],"product_cat":[1209,3153,2876],"product_tag":[],"class_list":{"0":"post-29075","1":"product","2":"type-product","3":"status-publish","5":"product_cat-analize","6":"product_cat-hematologie","7":"product_cat-serviciu-laborator","9":"first","10":"instock","11":"sale","12":"virtual","13":"purchasable","14":"product-type-simple"},"acf":[],"aioseo_notices":[],"_links":{"self":[{"href":"https:\/\/www.clinica-sante.com\/ro\/wp-json\/wp\/v2\/product\/29075","targetHints":{"allow":["GET"]}}],"collection":[{"href":"https:\/\/www.clinica-sante.com\/ro\/wp-json\/wp\/v2\/product"}],"about":[{"href":"https:\/\/www.clinica-sante.com\/ro\/wp-json\/wp\/v2\/types\/product"}],"wp:attachment":[{"href":"https:\/\/www.clinica-sante.com\/ro\/wp-json\/wp\/v2\/media?parent=29075"}],"wp:term":[{"taxonomy":"product_brand","embeddable":true,"href":"https:\/\/www.clinica-sante.com\/ro\/wp-json\/wp\/v2\/product_brand?post=29075"},{"taxonomy":"product_cat","embeddable":true,"href":"https:\/\/www.clinica-sante.com\/ro\/wp-json\/wp\/v2\/product_cat?post=29075"},{"taxonomy":"product_tag","embeddable":true,"href":"https:\/\/www.clinica-sante.com\/ro\/wp-json\/wp\/v2\/product_tag?post=29075"}],"curies":[{"name":"wp","href":"https:\/\/api.w.org\/{rel}","templated":true}]}}