{"id":29073,"date":"2025-07-08T16:08:10","date_gmt":"2025-07-08T13:08:10","guid":{"rendered":"https:\/\/www.clinica-sante.com\/ro\/analize-fara-categorie\/pachet-hlg-completa-cu-numaratoare-de-reticulocite\/"},"modified":"2026-03-31T09:43:23","modified_gmt":"2026-03-31T06:43:23","slug":"pachet-hlg-completa-cu-numaratoare-de-reticulocite","status":"publish","type":"product","link":"https:\/\/www.clinica-sante.com\/ro\/analize-hematologie\/pachet-hlg-completa-cu-numaratoare-de-reticulocite\/","title":{"rendered":"HLG completa cu numaratoare de reticulocite"},"content":{"rendered":"","protected":false},"excerpt":{"rendered":"<p>Testul evalueaz\u0103 celulele sanguine (eritrocite, leucocite, trombocite) \u0219i determin\u0103 num\u0103rul de reticulocite, oferind informa\u021bii despre produc\u021bia de globule ro\u0219ii \u00een m\u0103duva osoas\u0103. Este utilizat \u00een diagnosticul \u0219i monitorizarea anemiilor, hemoragiilor sau a altor afec\u021biuni hematologice.<\/p>\n","protected":false},"featured_media":0,"template":"","meta":{"_acf_changed":false,"inline_featured_image":false},"product_brand":[],"product_cat":[1209,3153,2876],"product_tag":[],"class_list":{"0":"post-29073","1":"product","2":"type-product","3":"status-publish","5":"product_cat-analize","6":"product_cat-hematologie","7":"product_cat-serviciu-laborator","9":"first","10":"instock","11":"sale","12":"virtual","13":"purchasable","14":"product-type-simple"},"acf":[],"aioseo_notices":[],"_links":{"self":[{"href":"https:\/\/www.clinica-sante.com\/ro\/wp-json\/wp\/v2\/product\/29073","targetHints":{"allow":["GET"]}}],"collection":[{"href":"https:\/\/www.clinica-sante.com\/ro\/wp-json\/wp\/v2\/product"}],"about":[{"href":"https:\/\/www.clinica-sante.com\/ro\/wp-json\/wp\/v2\/types\/product"}],"wp:attachment":[{"href":"https:\/\/www.clinica-sante.com\/ro\/wp-json\/wp\/v2\/media?parent=29073"}],"wp:term":[{"taxonomy":"product_brand","embeddable":true,"href":"https:\/\/www.clinica-sante.com\/ro\/wp-json\/wp\/v2\/product_brand?post=29073"},{"taxonomy":"product_cat","embeddable":true,"href":"https:\/\/www.clinica-sante.com\/ro\/wp-json\/wp\/v2\/product_cat?post=29073"},{"taxonomy":"product_tag","embeddable":true,"href":"https:\/\/www.clinica-sante.com\/ro\/wp-json\/wp\/v2\/product_tag?post=29073"}],"curies":[{"name":"wp","href":"https:\/\/api.w.org\/{rel}","templated":true}]}}