{"id":29061,"date":"2025-07-08T15:57:35","date_gmt":"2025-07-08T12:57:35","guid":{"rendered":"https:\/\/www.clinica-sante.com\/ro\/analize-fara-categorie\/rata-de-filtrare-glomerulara-calcul-rfg-si-creatinina\/"},"modified":"2026-03-31T09:41:08","modified_gmt":"2026-03-31T06:41:08","slug":"rata-de-filtrare-glomerulara-calcul-rfg-si-creatinina","status":"publish","type":"product","link":"https:\/\/www.clinica-sante.com\/ro\/analize-biochimie\/rata-de-filtrare-glomerulara-calcul-rfg-si-creatinina\/","title":{"rendered":"Rata de filtrare glomerulara (calcul RFG si creatinina)"},"content":{"rendered":"","protected":false},"excerpt":{"rendered":"<p>Testul evalueaz\u0103 func\u021bia rinichilor prin estimarea ratei de filtrare glomerular\u0103 (eRFG), pe baza valorii creatininei serice. Este utilizat pentru depistarea \u0219i monitorizarea bolilor renale. Se recomand\u0103 \u00een cadrul controalelor de rutin\u0103, \u00een special la pacien\u021bii cu afec\u021biuni cronice, precum diabet zaharat sau hipertensiune arterial\u0103.<\/p>\n","protected":false},"featured_media":0,"template":"","meta":{"_acf_changed":false,"inline_featured_image":false},"product_brand":[],"product_cat":[1209,3169,2876],"product_tag":[],"class_list":{"0":"post-29061","1":"product","2":"type-product","3":"status-publish","5":"product_cat-analize","6":"product_cat-biochimie","7":"product_cat-serviciu-laborator","9":"first","10":"instock","11":"sale","12":"virtual","13":"purchasable","14":"product-type-simple"},"acf":[],"aioseo_notices":[],"_links":{"self":[{"href":"https:\/\/www.clinica-sante.com\/ro\/wp-json\/wp\/v2\/product\/29061","targetHints":{"allow":["GET"]}}],"collection":[{"href":"https:\/\/www.clinica-sante.com\/ro\/wp-json\/wp\/v2\/product"}],"about":[{"href":"https:\/\/www.clinica-sante.com\/ro\/wp-json\/wp\/v2\/types\/product"}],"wp:attachment":[{"href":"https:\/\/www.clinica-sante.com\/ro\/wp-json\/wp\/v2\/media?parent=29061"}],"wp:term":[{"taxonomy":"product_brand","embeddable":true,"href":"https:\/\/www.clinica-sante.com\/ro\/wp-json\/wp\/v2\/product_brand?post=29061"},{"taxonomy":"product_cat","embeddable":true,"href":"https:\/\/www.clinica-sante.com\/ro\/wp-json\/wp\/v2\/product_cat?post=29061"},{"taxonomy":"product_tag","embeddable":true,"href":"https:\/\/www.clinica-sante.com\/ro\/wp-json\/wp\/v2\/product_tag?post=29061"}],"curies":[{"name":"wp","href":"https:\/\/api.w.org\/{rel}","templated":true}]}}