{"id":28769,"date":"2025-07-04T17:23:00","date_gmt":"2025-07-04T14:23:00","guid":{"rendered":"https:\/\/www.clinica-sante.com\/ro\/analize-fara-categorie\/pachet-electroforeza-hemoglobinei\/"},"modified":"2026-03-31T09:52:36","modified_gmt":"2026-03-31T06:52:36","slug":"pachet-electroforeza-hemoglobinei","status":"publish","type":"product","link":"https:\/\/www.clinica-sante.com\/ro\/analize-biochimie\/pachet-electroforeza-hemoglobinei\/","title":{"rendered":"Electroforeza hemoglobinei (HLG inclusa)"},"content":{"rendered":"","protected":false},"excerpt":{"rendered":"<p>Electroforeza hemoglobinei (HLG inclus\u0103) analizeaz\u0103 tipurile de hemoglobin\u0103 din s\u00e2nge, prin separarea frac\u021biunilor acesteia. Este utilizat\u0103 pentru depistarea unor anomalii ale hemoglobinei, precum talasemiile sau hemoglobinopatiile, inclusiv anemia falciform\u0103. Include hemoleucograma (HLG) \u0219i este util\u0103 \u00een evaluarea anemiilor sau \u00een cazul unui istoric familial de afec\u021biuni hematologice.<\/p>\n","protected":false},"featured_media":0,"template":"","meta":{"_acf_changed":false,"inline_featured_image":false},"product_brand":[],"product_cat":[1209,3169,2876],"product_tag":[],"class_list":{"0":"post-28769","1":"product","2":"type-product","3":"status-publish","5":"product_cat-analize","6":"product_cat-biochimie","7":"product_cat-serviciu-laborator","9":"first","10":"instock","11":"sale","12":"virtual","13":"purchasable","14":"product-type-simple"},"acf":[],"aioseo_notices":[],"_links":{"self":[{"href":"https:\/\/www.clinica-sante.com\/ro\/wp-json\/wp\/v2\/product\/28769","targetHints":{"allow":["GET"]}}],"collection":[{"href":"https:\/\/www.clinica-sante.com\/ro\/wp-json\/wp\/v2\/product"}],"about":[{"href":"https:\/\/www.clinica-sante.com\/ro\/wp-json\/wp\/v2\/types\/product"}],"wp:attachment":[{"href":"https:\/\/www.clinica-sante.com\/ro\/wp-json\/wp\/v2\/media?parent=28769"}],"wp:term":[{"taxonomy":"product_brand","embeddable":true,"href":"https:\/\/www.clinica-sante.com\/ro\/wp-json\/wp\/v2\/product_brand?post=28769"},{"taxonomy":"product_cat","embeddable":true,"href":"https:\/\/www.clinica-sante.com\/ro\/wp-json\/wp\/v2\/product_cat?post=28769"},{"taxonomy":"product_tag","embeddable":true,"href":"https:\/\/www.clinica-sante.com\/ro\/wp-json\/wp\/v2\/product_tag?post=28769"}],"curies":[{"name":"wp","href":"https:\/\/api.w.org\/{rel}","templated":true}]}}