{"id":28768,"date":"2025-07-04T17:14:49","date_gmt":"2025-07-04T14:14:49","guid":{"rendered":"https:\/\/www.clinica-sante.com\/ro\/analize-fara-categorie\/pachet-clearance-creatinina-include-creatinina-serica-si-urinara\/"},"modified":"2026-03-31T09:51:42","modified_gmt":"2026-03-31T06:51:42","slug":"pachet-clearance-creatinina-include-creatinina-serica-si-urinara","status":"publish","type":"product","link":"https:\/\/www.clinica-sante.com\/ro\/analize-biochimie\/pachet-clearance-creatinina-include-creatinina-serica-si-urinara\/","title":{"rendered":"Clearance creatinina (include creatinina serica si urinara)"},"content":{"rendered":"","protected":false},"excerpt":{"rendered":"<p>Clearance-ul creatininei evalueaz\u0103 func\u021bia rinichilor, m\u0103sur\u00e2nd capacitatea acestora de a filtra creatinina din s\u00e2nge. Se bazeaz\u0103 pe determinarea creatininei din s\u00e2nge \u0219i urin\u0103 (colectat\u0103 pe 24 de ore) \u0219i este utilizat pentru diagnosticul \u0219i monitorizarea bolilor renale.<\/p>\n","protected":false},"featured_media":0,"template":"","meta":{"_acf_changed":false,"inline_featured_image":false},"product_brand":[],"product_cat":[1209,3169,2876],"product_tag":[],"class_list":{"0":"post-28768","1":"product","2":"type-product","3":"status-publish","5":"product_cat-analize","6":"product_cat-biochimie","7":"product_cat-serviciu-laborator","9":"first","10":"instock","11":"sale","12":"virtual","13":"purchasable","14":"product-type-simple"},"acf":[],"aioseo_notices":[],"_links":{"self":[{"href":"https:\/\/www.clinica-sante.com\/ro\/wp-json\/wp\/v2\/product\/28768","targetHints":{"allow":["GET"]}}],"collection":[{"href":"https:\/\/www.clinica-sante.com\/ro\/wp-json\/wp\/v2\/product"}],"about":[{"href":"https:\/\/www.clinica-sante.com\/ro\/wp-json\/wp\/v2\/types\/product"}],"wp:attachment":[{"href":"https:\/\/www.clinica-sante.com\/ro\/wp-json\/wp\/v2\/media?parent=28768"}],"wp:term":[{"taxonomy":"product_brand","embeddable":true,"href":"https:\/\/www.clinica-sante.com\/ro\/wp-json\/wp\/v2\/product_brand?post=28768"},{"taxonomy":"product_cat","embeddable":true,"href":"https:\/\/www.clinica-sante.com\/ro\/wp-json\/wp\/v2\/product_cat?post=28768"},{"taxonomy":"product_tag","embeddable":true,"href":"https:\/\/www.clinica-sante.com\/ro\/wp-json\/wp\/v2\/product_tag?post=28768"}],"curies":[{"name":"wp","href":"https:\/\/api.w.org\/{rel}","templated":true}]}}