{"id":28743,"date":"2025-07-04T16:21:38","date_gmt":"2025-07-04T13:21:38","guid":{"rendered":"https:\/\/www.clinica-sante.com\/ro\/analize-fara-categorie\/cultura-secretie-conjunctivala-dreapta-identificare-bacteriana-si-fungica\/"},"modified":"2026-03-31T09:53:02","modified_gmt":"2026-03-31T06:53:02","slug":"cultura-secretie-conjunctivala-dreapta-identificare-bacteriana-si-fungica","status":"publish","type":"product","link":"https:\/\/www.clinica-sante.com\/ro\/analize-microbiologie\/cultura-secretie-conjunctivala-dreapta-identificare-bacteriana-si-fungica\/","title":{"rendered":"Cultura secretie conjunctivala dreapta &#8211; identificare bacteriana si fungica"},"content":{"rendered":"","protected":false},"excerpt":{"rendered":"<p>Testul permite izolarea \u0219i identificarea bacteriilor \u0219i fungilor patogeni din secre\u021bia conjunctival\u0103. Este recomandat \u00een diagnosticul conjunctivitelor, \u00een caz de secre\u021bii, prurit sau ochi ro\u0219u (hiperemie conjunctival\u0103), contribuind la stabilirea tratamentului adecvat.<\/p>\n","protected":false},"featured_media":0,"template":"","meta":{"_acf_changed":false,"inline_featured_image":false},"product_brand":[],"product_cat":[1209,3152,2876],"product_tag":[],"class_list":{"0":"post-28743","1":"product","2":"type-product","3":"status-publish","5":"product_cat-analize","6":"product_cat-microbiologie","7":"product_cat-serviciu-laborator","9":"first","10":"instock","11":"sale","12":"virtual","13":"purchasable","14":"product-type-simple"},"acf":[],"aioseo_notices":[],"_links":{"self":[{"href":"https:\/\/www.clinica-sante.com\/ro\/wp-json\/wp\/v2\/product\/28743","targetHints":{"allow":["GET"]}}],"collection":[{"href":"https:\/\/www.clinica-sante.com\/ro\/wp-json\/wp\/v2\/product"}],"about":[{"href":"https:\/\/www.clinica-sante.com\/ro\/wp-json\/wp\/v2\/types\/product"}],"wp:attachment":[{"href":"https:\/\/www.clinica-sante.com\/ro\/wp-json\/wp\/v2\/media?parent=28743"}],"wp:term":[{"taxonomy":"product_brand","embeddable":true,"href":"https:\/\/www.clinica-sante.com\/ro\/wp-json\/wp\/v2\/product_brand?post=28743"},{"taxonomy":"product_cat","embeddable":true,"href":"https:\/\/www.clinica-sante.com\/ro\/wp-json\/wp\/v2\/product_cat?post=28743"},{"taxonomy":"product_tag","embeddable":true,"href":"https:\/\/www.clinica-sante.com\/ro\/wp-json\/wp\/v2\/product_tag?post=28743"}],"curies":[{"name":"wp","href":"https:\/\/api.w.org\/{rel}","templated":true}]}}