{"id":27806,"date":"2025-06-26T09:37:09","date_gmt":"2025-06-26T06:37:09","guid":{"rendered":"https:\/\/www.clinica-sante.com\/ro\/analize-fara-categorie\/cultura-secretie-col-identificare-bacteriana-si-fungica\/"},"modified":"2026-03-31T09:42:09","modified_gmt":"2026-03-31T06:42:09","slug":"cultura-secretie-col-identificare-bacteriana-si-fungica","status":"publish","type":"product","link":"https:\/\/www.clinica-sante.com\/ro\/analize-microbiologie\/cultura-secretie-col-identificare-bacteriana-si-fungica\/","title":{"rendered":"Cultura secretie col &#8211; identificare bacteriana si fungica"},"content":{"rendered":"","protected":false},"excerpt":{"rendered":"<p>Analiza permite izolarea \u0219i identificarea bacteriilor \u0219i fungilor patogeni din secre\u021bia de la nivelul colului uterin. Este recomandat\u0103 \u00een cazul secre\u021biilor anormale, metroragiilor (s\u00e2nger\u0103ri \u00eentre menstrua\u021bii) sau suspiciunii de infec\u021bie genital\u0103, contribuind la stabilirea tratamentului adecvat.<\/p>\n","protected":false},"featured_media":0,"template":"","meta":{"_acf_changed":false,"inline_featured_image":false},"product_brand":[],"product_cat":[1209,3152,2876],"product_tag":[],"class_list":{"0":"post-27806","1":"product","2":"type-product","3":"status-publish","5":"product_cat-analize","6":"product_cat-microbiologie","7":"product_cat-serviciu-laborator","9":"first","10":"instock","11":"sale","12":"virtual","13":"purchasable","14":"product-type-simple"},"acf":[],"aioseo_notices":[],"_links":{"self":[{"href":"https:\/\/www.clinica-sante.com\/ro\/wp-json\/wp\/v2\/product\/27806","targetHints":{"allow":["GET"]}}],"collection":[{"href":"https:\/\/www.clinica-sante.com\/ro\/wp-json\/wp\/v2\/product"}],"about":[{"href":"https:\/\/www.clinica-sante.com\/ro\/wp-json\/wp\/v2\/types\/product"}],"wp:attachment":[{"href":"https:\/\/www.clinica-sante.com\/ro\/wp-json\/wp\/v2\/media?parent=27806"}],"wp:term":[{"taxonomy":"product_brand","embeddable":true,"href":"https:\/\/www.clinica-sante.com\/ro\/wp-json\/wp\/v2\/product_brand?post=27806"},{"taxonomy":"product_cat","embeddable":true,"href":"https:\/\/www.clinica-sante.com\/ro\/wp-json\/wp\/v2\/product_cat?post=27806"},{"taxonomy":"product_tag","embeddable":true,"href":"https:\/\/www.clinica-sante.com\/ro\/wp-json\/wp\/v2\/product_tag?post=27806"}],"curies":[{"name":"wp","href":"https:\/\/api.w.org\/{rel}","templated":true}]}}