{"id":27755,"date":"2025-06-24T15:52:33","date_gmt":"2025-06-24T13:52:33","guid":{"rendered":"https:\/\/www.clinica-sante.com\/ro\/analize-fara-categorie\/panel-somatic-hrd-pancancer-plus-include-gim-hrr-tmb-msi-analiza-ngs-500-gene\/"},"modified":"2026-02-27T18:02:40","modified_gmt":"2026-02-27T16:02:40","slug":"panel-somatic-hrd-pancancer-plus-include-gim-hrr-tmb-msi-analiza-ngs-500-gene","status":"publish","type":"product","link":"https:\/\/www.clinica-sante.com\/ro\/analize-oncogenetica\/panel-somatic-hrd-pancancer-plus-include-gim-hrr-tmb-msi-analiza-ngs-500-gene\/","title":{"rendered":"Panel somatic HRD si PanCancer Plus (include GIM, HRR, TMB, MSI) analiza NGS &gt;500 gene"},"content":{"rendered":"","protected":false},"excerpt":{"rendered":"<p>Test NGS extins care analizeaz\u0103 peste 500 de gene implicate \u00een tumorile solide \u0219i 46 de gene asociate cu deficien\u021ba de recombinare omoloag\u0103 (mecanism de reparare defectuos al ADN-ului, asociat cu instabilitate genomic\u0103). Este recomandat pentru caracterizarea molecular\u0103 a cancerului, evaluarea eligibilit\u0103\u021bii la terapii \u021bintite sau imunoterapie.<\/p>\n","protected":false},"featured_media":0,"template":"","meta":{"_acf_changed":false,"inline_featured_image":false},"product_brand":[],"product_cat":[1209,3165,2876],"product_tag":[],"class_list":{"0":"post-27755","1":"product","2":"type-product","3":"status-publish","5":"product_cat-analize","6":"product_cat-oncogenetica","7":"product_cat-serviciu-laborator","8":"pa_genetica-oncogenetica","10":"first","11":"instock","12":"sale","13":"virtual","14":"purchasable","15":"product-type-simple"},"acf":[],"aioseo_notices":[],"_links":{"self":[{"href":"https:\/\/www.clinica-sante.com\/ro\/wp-json\/wp\/v2\/product\/27755","targetHints":{"allow":["GET"]}}],"collection":[{"href":"https:\/\/www.clinica-sante.com\/ro\/wp-json\/wp\/v2\/product"}],"about":[{"href":"https:\/\/www.clinica-sante.com\/ro\/wp-json\/wp\/v2\/types\/product"}],"wp:attachment":[{"href":"https:\/\/www.clinica-sante.com\/ro\/wp-json\/wp\/v2\/media?parent=27755"}],"wp:term":[{"taxonomy":"product_brand","embeddable":true,"href":"https:\/\/www.clinica-sante.com\/ro\/wp-json\/wp\/v2\/product_brand?post=27755"},{"taxonomy":"product_cat","embeddable":true,"href":"https:\/\/www.clinica-sante.com\/ro\/wp-json\/wp\/v2\/product_cat?post=27755"},{"taxonomy":"product_tag","embeddable":true,"href":"https:\/\/www.clinica-sante.com\/ro\/wp-json\/wp\/v2\/product_tag?post=27755"}],"curies":[{"name":"wp","href":"https:\/\/api.w.org\/{rel}","templated":true}]}}