{"id":27745,"date":"2025-06-24T16:52:02","date_gmt":"2025-06-24T13:52:02","guid":{"rendered":"https:\/\/www.clinica-sante.com\/ro\/analize-fara-categorie\/testare-mlpa-gena-otc-deficienta-de-ornitin-transcarbamilaza\/"},"modified":"2026-03-24T14:29:17","modified_gmt":"2026-03-24T12:29:17","slug":"testare-mlpa-gena-otc-deficienta-de-ornitin-transcarbamilaza","status":"publish","type":"product","link":"https:\/\/www.clinica-sante.com\/ro\/analize-diagnostic-genetic\/testare-mlpa-gena-otc-deficienta-de-ornitin-transcarbamilaza\/","title":{"rendered":"Testare MLPA \u2013 gena OTC (Deficienta de ornitin-transcarbamilaza)"},"content":{"rendered":"","protected":false},"excerpt":{"rendered":"<p>Test genetic care utilizeaz\u0103 metoda MLPA pentru identificarea dele\u021biilor sau duplica\u021biilor \u00een gena OTC, responsabil\u0103 de deficien\u021ba de ornitin-transcarbamilaz\u0103 \u2013 boal\u0103 metabolic\u0103 rar\u0103 ce afecteaz\u0103 eliminarea amoniacului, duc\u00e2nd la acumularea acestuia \u00een organism \u0219i posibila afectare neurologic\u0103. Este recomandat pentru diagnostic \u0219i consiliere genetic\u0103.<\/p>\n","protected":false},"featured_media":0,"template":"","meta":{"_acf_changed":false,"inline_featured_image":false},"product_brand":[],"product_cat":[1209,3166,2876],"product_tag":[],"class_list":{"0":"post-27745","1":"product","2":"type-product","3":"status-publish","5":"product_cat-analize","6":"product_cat-diagnostic-genetic","7":"product_cat-serviciu-laborator","9":"first","10":"instock","11":"sale","12":"virtual","13":"purchasable","14":"product-type-simple"},"acf":[],"aioseo_notices":[],"_links":{"self":[{"href":"https:\/\/www.clinica-sante.com\/ro\/wp-json\/wp\/v2\/product\/27745","targetHints":{"allow":["GET"]}}],"collection":[{"href":"https:\/\/www.clinica-sante.com\/ro\/wp-json\/wp\/v2\/product"}],"about":[{"href":"https:\/\/www.clinica-sante.com\/ro\/wp-json\/wp\/v2\/types\/product"}],"wp:attachment":[{"href":"https:\/\/www.clinica-sante.com\/ro\/wp-json\/wp\/v2\/media?parent=27745"}],"wp:term":[{"taxonomy":"product_brand","embeddable":true,"href":"https:\/\/www.clinica-sante.com\/ro\/wp-json\/wp\/v2\/product_brand?post=27745"},{"taxonomy":"product_cat","embeddable":true,"href":"https:\/\/www.clinica-sante.com\/ro\/wp-json\/wp\/v2\/product_cat?post=27745"},{"taxonomy":"product_tag","embeddable":true,"href":"https:\/\/www.clinica-sante.com\/ro\/wp-json\/wp\/v2\/product_tag?post=27745"}],"curies":[{"name":"wp","href":"https:\/\/api.w.org\/{rel}","templated":true}]}}