{"id":27736,"date":"2025-06-24T15:51:35","date_gmt":"2025-06-24T13:51:35","guid":{"rendered":"https:\/\/www.clinica-sante.com\/ro\/analize-fara-categorie\/acid-micofenolic-mpa\/"},"modified":"2026-01-03T17:52:14","modified_gmt":"2026-01-03T15:52:14","slug":"acid-micofenolic-mpa","status":"publish","type":"product","link":"https:\/\/www.clinica-sante.com\/ro\/analize-dozare-terapeutica-de-medicamente\/acid-micofenolic-mpa\/","title":{"rendered":"Acid micofenolic (MPA)"},"content":{"rendered":"","protected":false},"excerpt":{"rendered":"<p>Test care m\u0103soar\u0103 concentra\u021bia acidului micofenolic (MPA) \u00een s\u00e2nge, metabolit activ al micofenolatului de mofetil, utilizat ca imunosupresor \u00een transplanturi \u0219i boli autoimune. Este indicat pentru monitorizarea terapiei \u0219i ajustarea dozelor pentru eficien\u021b\u0103 \u0219i siguran\u021b\u0103.<\/p>\n","protected":false},"featured_media":0,"template":"","meta":{"_acf_changed":false,"inline_featured_image":false},"product_brand":[],"product_cat":[1209,3164,2876],"product_tag":[],"class_list":{"0":"post-27736","1":"product","2":"type-product","3":"status-publish","5":"product_cat-analize","6":"product_cat-dozare-terapeutica-de-medicamente","7":"product_cat-serviciu-laborator","9":"first","10":"instock","11":"sale","12":"virtual","13":"purchasable","14":"product-type-simple"},"acf":[],"aioseo_notices":[],"_links":{"self":[{"href":"https:\/\/www.clinica-sante.com\/ro\/wp-json\/wp\/v2\/product\/27736","targetHints":{"allow":["GET"]}}],"collection":[{"href":"https:\/\/www.clinica-sante.com\/ro\/wp-json\/wp\/v2\/product"}],"about":[{"href":"https:\/\/www.clinica-sante.com\/ro\/wp-json\/wp\/v2\/types\/product"}],"wp:attachment":[{"href":"https:\/\/www.clinica-sante.com\/ro\/wp-json\/wp\/v2\/media?parent=27736"}],"wp:term":[{"taxonomy":"product_brand","embeddable":true,"href":"https:\/\/www.clinica-sante.com\/ro\/wp-json\/wp\/v2\/product_brand?post=27736"},{"taxonomy":"product_cat","embeddable":true,"href":"https:\/\/www.clinica-sante.com\/ro\/wp-json\/wp\/v2\/product_cat?post=27736"},{"taxonomy":"product_tag","embeddable":true,"href":"https:\/\/www.clinica-sante.com\/ro\/wp-json\/wp\/v2\/product_tag?post=27736"}],"curies":[{"name":"wp","href":"https:\/\/api.w.org\/{rel}","templated":true}]}}