{"id":27733,"date":"2025-06-24T15:51:26","date_gmt":"2025-06-24T13:51:26","guid":{"rendered":"https:\/\/www.clinica-sante.com\/ro\/analize-fara-categorie\/mlpa-analiza-deletii-duplicatii-genele-pkd1-si-pkd2-boala-polichistica-renala-cu-transmitere-autozomal-dominanta\/"},"modified":"2026-02-27T18:05:46","modified_gmt":"2026-02-27T16:05:46","slug":"mlpa-analiza-deletii-duplicatii-genele-pkd1-si-pkd2-boala-polichistica-renala-cu-transmitere-autozomal-dominanta","status":"publish","type":"product","link":"https:\/\/www.clinica-sante.com\/ro\/analize-diagnostic-genetic\/mlpa-analiza-deletii-duplicatii-genele-pkd1-si-pkd2-boala-polichistica-renala-cu-transmitere-autozomal-dominanta\/","title":{"rendered":"MLPA (analiza deletii\/duplicatii) genele PKD1 si PKD2 (Boala polichistica renala cu transmitere autozomal dominanta)"},"content":{"rendered":"","protected":false},"excerpt":{"rendered":"<p>Test genetic care identific\u0103 dele\u021bii \u0219i duplica\u021bii \u00een genele PKD1 \u0219i PKD2, implicate \u00een boala polichistic\u0103 renal\u0103 autozomal dominant\u0103 (ADPKD). Este recomandat \u00een completarea secven\u021bierii genetice, pentru detectarea anomaliilor structurale nedepistate prin metodele standard.<\/p>\n","protected":false},"featured_media":0,"template":"","meta":{"_acf_changed":false,"inline_featured_image":false},"product_brand":[],"product_cat":[1209,3166,2876],"product_tag":[],"class_list":{"0":"post-27733","1":"product","2":"type-product","3":"status-publish","5":"product_cat-analize","6":"product_cat-diagnostic-genetic","7":"product_cat-serviciu-laborator","8":"pa_conditii-medicale-afecti-boala-polichistica-renala","10":"first","11":"instock","12":"sale","13":"virtual","14":"purchasable","15":"product-type-simple"},"acf":[],"aioseo_notices":[],"_links":{"self":[{"href":"https:\/\/www.clinica-sante.com\/ro\/wp-json\/wp\/v2\/product\/27733","targetHints":{"allow":["GET"]}}],"collection":[{"href":"https:\/\/www.clinica-sante.com\/ro\/wp-json\/wp\/v2\/product"}],"about":[{"href":"https:\/\/www.clinica-sante.com\/ro\/wp-json\/wp\/v2\/types\/product"}],"wp:attachment":[{"href":"https:\/\/www.clinica-sante.com\/ro\/wp-json\/wp\/v2\/media?parent=27733"}],"wp:term":[{"taxonomy":"product_brand","embeddable":true,"href":"https:\/\/www.clinica-sante.com\/ro\/wp-json\/wp\/v2\/product_brand?post=27733"},{"taxonomy":"product_cat","embeddable":true,"href":"https:\/\/www.clinica-sante.com\/ro\/wp-json\/wp\/v2\/product_cat?post=27733"},{"taxonomy":"product_tag","embeddable":true,"href":"https:\/\/www.clinica-sante.com\/ro\/wp-json\/wp\/v2\/product_tag?post=27733"}],"curies":[{"name":"wp","href":"https:\/\/api.w.org\/{rel}","templated":true}]}}