{"id":27729,"date":"2025-06-24T15:51:14","date_gmt":"2025-06-24T13:51:14","guid":{"rendered":"https:\/\/www.clinica-sante.com\/ro\/analize-fara-categorie\/citogenetica-moleculara-fish-boli-hematologice-mohc2-runx1-runx1t1-eto-aml1\/"},"modified":"2026-02-27T18:03:53","modified_gmt":"2026-02-27T16:03:53","slug":"citogenetica-moleculara-fish-boli-hematologice-mohc2-runx1-runx1t1-eto-aml1","status":"publish","type":"product","link":"https:\/\/www.clinica-sante.com\/ro\/analize-oncogenetica\/citogenetica-moleculara-fish-boli-hematologice-mohc2-runx1-runx1t1-eto-aml1\/","title":{"rendered":"Citogenetica moleculara\/FISH boli hematologice [MOHC2] RUNX1\/RUNX1T1 (ETO\/AML1)"},"content":{"rendered":"","protected":false},"excerpt":{"rendered":"<p>Testul FISH detecteaz\u0103 fuziunea dintre genele RUNX1 \u0219i RUNX1T1, caracteristic\u0103 pentru o form\u0103 de leucemie acut\u0103 mieloid\u0103 cu maturare (celulele \u00ee\u0219i p\u0103streaz\u0103 par\u021bial capacitatea de diferen\u021biere). Aceast\u0103 modificare are prognostic favorabil, testarea fiind important\u0103 pentru diagnostic \u0219i alegerea tratamentului.<\/p>\n","protected":false},"featured_media":0,"template":"","meta":{"_acf_changed":false,"inline_featured_image":false},"product_brand":[],"product_cat":[1209,3165,2876],"product_tag":[],"class_list":{"0":"post-27729","1":"product","2":"type-product","3":"status-publish","5":"product_cat-analize","6":"product_cat-oncogenetica","7":"product_cat-serviciu-laborator","8":"pa_genetica-oncogenetica","10":"first","11":"instock","12":"sale","13":"virtual","14":"purchasable","15":"product-type-simple"},"acf":[],"aioseo_notices":[],"_links":{"self":[{"href":"https:\/\/www.clinica-sante.com\/ro\/wp-json\/wp\/v2\/product\/27729","targetHints":{"allow":["GET"]}}],"collection":[{"href":"https:\/\/www.clinica-sante.com\/ro\/wp-json\/wp\/v2\/product"}],"about":[{"href":"https:\/\/www.clinica-sante.com\/ro\/wp-json\/wp\/v2\/types\/product"}],"wp:attachment":[{"href":"https:\/\/www.clinica-sante.com\/ro\/wp-json\/wp\/v2\/media?parent=27729"}],"wp:term":[{"taxonomy":"product_brand","embeddable":true,"href":"https:\/\/www.clinica-sante.com\/ro\/wp-json\/wp\/v2\/product_brand?post=27729"},{"taxonomy":"product_cat","embeddable":true,"href":"https:\/\/www.clinica-sante.com\/ro\/wp-json\/wp\/v2\/product_cat?post=27729"},{"taxonomy":"product_tag","embeddable":true,"href":"https:\/\/www.clinica-sante.com\/ro\/wp-json\/wp\/v2\/product_tag?post=27729"}],"curies":[{"name":"wp","href":"https:\/\/api.w.org\/{rel}","templated":true}]}}