{"id":27728,"date":"2025-06-24T15:51:11","date_gmt":"2025-06-24T13:51:11","guid":{"rendered":"https:\/\/www.clinica-sante.com\/ro\/analize-fara-categorie\/citogenetica-moleculara-fish-boli-hematologice-mohc2-pml-rara\/"},"modified":"2026-02-27T18:04:12","modified_gmt":"2026-02-27T16:04:12","slug":"citogenetica-moleculara-fish-boli-hematologice-mohc2-pml-rara","status":"publish","type":"product","link":"https:\/\/www.clinica-sante.com\/ro\/analize-oncogenetica\/citogenetica-moleculara-fish-boli-hematologice-mohc2-pml-rara\/","title":{"rendered":"Citogenetica moleculara\/FISH boli hematologice [MOHC2] PML\/RARA"},"content":{"rendered":"","protected":false},"excerpt":{"rendered":"<p>Testul FISH pentru fuziunea PML\/RARA este utilizat \u00een diagnosticul leucemiei acute promielocitare, o form\u0103 rar\u0103, dar tratabil\u0103 de leucemie. Fuziunea determin\u0103 blocarea matur\u0103rii celulelor sangvine. Identificarea acestei modific\u0103ri este esen\u021bial\u0103 pentru ini\u021bierea rapid\u0103 a terapiei.<\/p>\n","protected":false},"featured_media":0,"template":"","meta":{"_acf_changed":false,"inline_featured_image":false},"product_brand":[],"product_cat":[1209,3165,2876],"product_tag":[],"class_list":{"0":"post-27728","1":"product","2":"type-product","3":"status-publish","5":"product_cat-analize","6":"product_cat-oncogenetica","7":"product_cat-serviciu-laborator","8":"pa_genetica-oncogenetica","10":"first","11":"instock","12":"sale","13":"virtual","14":"purchasable","15":"product-type-simple"},"acf":[],"aioseo_notices":[],"_links":{"self":[{"href":"https:\/\/www.clinica-sante.com\/ro\/wp-json\/wp\/v2\/product\/27728","targetHints":{"allow":["GET"]}}],"collection":[{"href":"https:\/\/www.clinica-sante.com\/ro\/wp-json\/wp\/v2\/product"}],"about":[{"href":"https:\/\/www.clinica-sante.com\/ro\/wp-json\/wp\/v2\/types\/product"}],"wp:attachment":[{"href":"https:\/\/www.clinica-sante.com\/ro\/wp-json\/wp\/v2\/media?parent=27728"}],"wp:term":[{"taxonomy":"product_brand","embeddable":true,"href":"https:\/\/www.clinica-sante.com\/ro\/wp-json\/wp\/v2\/product_brand?post=27728"},{"taxonomy":"product_cat","embeddable":true,"href":"https:\/\/www.clinica-sante.com\/ro\/wp-json\/wp\/v2\/product_cat?post=27728"},{"taxonomy":"product_tag","embeddable":true,"href":"https:\/\/www.clinica-sante.com\/ro\/wp-json\/wp\/v2\/product_tag?post=27728"}],"curies":[{"name":"wp","href":"https:\/\/api.w.org\/{rel}","templated":true}]}}