{"id":27720,"date":"2025-06-24T15:50:47","date_gmt":"2025-06-24T13:50:47","guid":{"rendered":"https:\/\/www.clinica-sante.com\/ro\/analize-fara-categorie\/citogenetica-moleculara-fish-boli-hematologice-mohc2-etv6-runx1-tel-aml1\/"},"modified":"2026-02-27T18:04:40","modified_gmt":"2026-02-27T16:04:40","slug":"citogenetica-moleculara-fish-boli-hematologice-mohc2-etv6-runx1-tel-aml1","status":"publish","type":"product","link":"https:\/\/www.clinica-sante.com\/ro\/analize-oncogenetica\/citogenetica-moleculara-fish-boli-hematologice-mohc2-etv6-runx1-tel-aml1\/","title":{"rendered":"Citogenetica moleculara\/FISH boli hematologice [MOHC2] ETV6\/RUNX1 (TEL\/AML1)"},"content":{"rendered":"","protected":false},"excerpt":{"rendered":"<p>Testul FISH pentru fuziunea genelor ETV6 \u0219i RUNX1 este folosit \u00een diagnosticul leucemiei limfoblastice acute la copii. Aceast\u0103 anomalie genetic\u0103 este asociat\u0103 cu un r\u0103spuns bun la tratament \u0219i un prognostic favorabil \u00een majoritatea cazurilor.<\/p>\n","protected":false},"featured_media":0,"template":"","meta":{"_acf_changed":false,"inline_featured_image":false},"product_brand":[],"product_cat":[1209,3165,2876],"product_tag":[],"class_list":{"0":"post-27720","1":"product","2":"type-product","3":"status-publish","5":"product_cat-analize","6":"product_cat-oncogenetica","7":"product_cat-serviciu-laborator","8":"pa_genetica-oncogenetica","10":"first","11":"instock","12":"sale","13":"virtual","14":"purchasable","15":"product-type-simple"},"acf":[],"aioseo_notices":[],"_links":{"self":[{"href":"https:\/\/www.clinica-sante.com\/ro\/wp-json\/wp\/v2\/product\/27720","targetHints":{"allow":["GET"]}}],"collection":[{"href":"https:\/\/www.clinica-sante.com\/ro\/wp-json\/wp\/v2\/product"}],"about":[{"href":"https:\/\/www.clinica-sante.com\/ro\/wp-json\/wp\/v2\/types\/product"}],"wp:attachment":[{"href":"https:\/\/www.clinica-sante.com\/ro\/wp-json\/wp\/v2\/media?parent=27720"}],"wp:term":[{"taxonomy":"product_brand","embeddable":true,"href":"https:\/\/www.clinica-sante.com\/ro\/wp-json\/wp\/v2\/product_brand?post=27720"},{"taxonomy":"product_cat","embeddable":true,"href":"https:\/\/www.clinica-sante.com\/ro\/wp-json\/wp\/v2\/product_cat?post=27720"},{"taxonomy":"product_tag","embeddable":true,"href":"https:\/\/www.clinica-sante.com\/ro\/wp-json\/wp\/v2\/product_tag?post=27720"}],"curies":[{"name":"wp","href":"https:\/\/api.w.org\/{rel}","templated":true}]}}