{"id":27719,"date":"2025-06-24T15:50:44","date_gmt":"2025-06-24T13:50:44","guid":{"rendered":"https:\/\/www.clinica-sante.com\/ro\/analize-fara-categorie\/citogenetica-moleculara-fish-boli-hematologice-mohc2-egr1\/"},"modified":"2026-02-27T18:03:42","modified_gmt":"2026-02-27T16:03:42","slug":"citogenetica-moleculara-fish-boli-hematologice-mohc2-egr1","status":"publish","type":"product","link":"https:\/\/www.clinica-sante.com\/ro\/analize-oncogenetica\/citogenetica-moleculara-fish-boli-hematologice-mohc2-egr1\/","title":{"rendered":"Citogenetica moleculara\/FISH boli hematologice [MOHC2] EGR1"},"content":{"rendered":"","protected":false},"excerpt":{"rendered":"<p>Testul FISH pentru gena EGR1 este utilizat \u00een evaluarea sindroamelor mielodisplazice \u0219i a altor afec\u021biuni hematologice. Dele\u021bia acestei gene, localizat\u0103 pe cromozomul 5q, este asociat\u0103 cu tulbur\u0103ri ale form\u0103rii celulelor sangvine \u0219i poate influen\u021ba prognosticul bolii.<\/p>\n","protected":false},"featured_media":0,"template":"","meta":{"_acf_changed":false,"inline_featured_image":false},"product_brand":[],"product_cat":[1209,3165,2876],"product_tag":[],"class_list":{"0":"post-27719","1":"product","2":"type-product","3":"status-publish","5":"product_cat-analize","6":"product_cat-oncogenetica","7":"product_cat-serviciu-laborator","8":"pa_genetica-oncogenetica","10":"first","11":"instock","12":"sale","13":"virtual","14":"purchasable","15":"product-type-simple"},"acf":[],"aioseo_notices":[],"_links":{"self":[{"href":"https:\/\/www.clinica-sante.com\/ro\/wp-json\/wp\/v2\/product\/27719","targetHints":{"allow":["GET"]}}],"collection":[{"href":"https:\/\/www.clinica-sante.com\/ro\/wp-json\/wp\/v2\/product"}],"about":[{"href":"https:\/\/www.clinica-sante.com\/ro\/wp-json\/wp\/v2\/types\/product"}],"wp:attachment":[{"href":"https:\/\/www.clinica-sante.com\/ro\/wp-json\/wp\/v2\/media?parent=27719"}],"wp:term":[{"taxonomy":"product_brand","embeddable":true,"href":"https:\/\/www.clinica-sante.com\/ro\/wp-json\/wp\/v2\/product_brand?post=27719"},{"taxonomy":"product_cat","embeddable":true,"href":"https:\/\/www.clinica-sante.com\/ro\/wp-json\/wp\/v2\/product_cat?post=27719"},{"taxonomy":"product_tag","embeddable":true,"href":"https:\/\/www.clinica-sante.com\/ro\/wp-json\/wp\/v2\/product_tag?post=27719"}],"curies":[{"name":"wp","href":"https:\/\/api.w.org\/{rel}","templated":true}]}}