{"id":27713,"date":"2025-06-24T15:50:25","date_gmt":"2025-06-24T13:50:25","guid":{"rendered":"https:\/\/www.clinica-sante.com\/ro\/analize-fara-categorie\/activitate-antioxidanta\/"},"modified":"2026-01-03T17:52:30","modified_gmt":"2026-01-03T15:52:30","slug":"activitate-antioxidanta","status":"publish","type":"product","link":"https:\/\/www.clinica-sante.com\/ro\/analize-biochimie\/activitate-antioxidanta\/","title":{"rendered":"Activitate antioxidanta"},"content":{"rendered":"","protected":false},"excerpt":{"rendered":"<p>Activitatea antioxidant\u0103 reflect\u0103 capacitatea organismului de a neutraliza radicalii liberi, substan\u021be implicate \u00een procese inflamatorii, \u00eemb\u0103tr\u00e2nire celular\u0103 \u0219i apari\u021bia bolilor cronice. Analiza este util\u0103 \u00een evaluarea stresului oxidativ \u0219i \u00een monitorizarea interven\u021biilor nutri\u021bionale sau terapeutice.<\/p>\n","protected":false},"featured_media":0,"template":"","meta":{"_acf_changed":false,"inline_featured_image":false},"product_brand":[],"product_cat":[1209,3169,2876],"product_tag":[],"class_list":{"0":"post-27713","1":"product","2":"type-product","3":"status-publish","5":"product_cat-analize","6":"product_cat-biochimie","7":"product_cat-serviciu-laborator","9":"first","10":"instock","11":"sale","12":"virtual","13":"purchasable","14":"product-type-simple"},"acf":[],"aioseo_notices":[],"_links":{"self":[{"href":"https:\/\/www.clinica-sante.com\/ro\/wp-json\/wp\/v2\/product\/27713","targetHints":{"allow":["GET"]}}],"collection":[{"href":"https:\/\/www.clinica-sante.com\/ro\/wp-json\/wp\/v2\/product"}],"about":[{"href":"https:\/\/www.clinica-sante.com\/ro\/wp-json\/wp\/v2\/types\/product"}],"wp:attachment":[{"href":"https:\/\/www.clinica-sante.com\/ro\/wp-json\/wp\/v2\/media?parent=27713"}],"wp:term":[{"taxonomy":"product_brand","embeddable":true,"href":"https:\/\/www.clinica-sante.com\/ro\/wp-json\/wp\/v2\/product_brand?post=27713"},{"taxonomy":"product_cat","embeddable":true,"href":"https:\/\/www.clinica-sante.com\/ro\/wp-json\/wp\/v2\/product_cat?post=27713"},{"taxonomy":"product_tag","embeddable":true,"href":"https:\/\/www.clinica-sante.com\/ro\/wp-json\/wp\/v2\/product_tag?post=27713"}],"curies":[{"name":"wp","href":"https:\/\/api.w.org\/{rel}","templated":true}]}}