{"id":27691,"date":"2025-06-24T16:49:20","date_gmt":"2025-06-24T13:49:20","guid":{"rendered":"https:\/\/www.clinica-sante.com\/ro\/analize-fara-categorie\/antigen-ca-27-29\/"},"modified":"2026-03-24T14:56:17","modified_gmt":"2026-03-24T12:56:17","slug":"antigen-ca-27-29","status":"publish","type":"product","link":"https:\/\/www.clinica-sante.com\/ro\/analize-markeri-tumorali\/antigen-ca-27-29\/","title":{"rendered":"Antigen CA 27-29"},"content":{"rendered":"","protected":false},"excerpt":{"rendered":"<p>CA 27-29 este un marker tumoral utilizat \u00een monitorizarea cancerului mamar, \u00een special \u00een stadiile avansate sau pentru depistarea recidivelor. Valorile crescute pot ap\u0103rea \u0219i \u00een alte tipuri de cancer sau afec\u021biuni benigne, de aceea interpretarea se face \u00een context clinic.<\/p>\n","protected":false},"featured_media":0,"template":"","meta":{"_acf_changed":false,"inline_featured_image":false},"product_brand":[],"product_cat":[1209,3192,2876],"product_tag":[],"class_list":{"0":"post-27691","1":"product","2":"type-product","3":"status-publish","5":"product_cat-analize","6":"product_cat-markeri-tumorali","7":"product_cat-serviciu-laborator","8":"pa_conditii-medicale-afecti-cancer-mamar","10":"first","11":"instock","12":"sale","13":"virtual","14":"purchasable","15":"product-type-simple"},"acf":[],"aioseo_notices":[],"_links":{"self":[{"href":"https:\/\/www.clinica-sante.com\/ro\/wp-json\/wp\/v2\/product\/27691","targetHints":{"allow":["GET"]}}],"collection":[{"href":"https:\/\/www.clinica-sante.com\/ro\/wp-json\/wp\/v2\/product"}],"about":[{"href":"https:\/\/www.clinica-sante.com\/ro\/wp-json\/wp\/v2\/types\/product"}],"wp:attachment":[{"href":"https:\/\/www.clinica-sante.com\/ro\/wp-json\/wp\/v2\/media?parent=27691"}],"wp:term":[{"taxonomy":"product_brand","embeddable":true,"href":"https:\/\/www.clinica-sante.com\/ro\/wp-json\/wp\/v2\/product_brand?post=27691"},{"taxonomy":"product_cat","embeddable":true,"href":"https:\/\/www.clinica-sante.com\/ro\/wp-json\/wp\/v2\/product_cat?post=27691"},{"taxonomy":"product_tag","embeddable":true,"href":"https:\/\/www.clinica-sante.com\/ro\/wp-json\/wp\/v2\/product_tag?post=27691"}],"curies":[{"name":"wp","href":"https:\/\/api.w.org\/{rel}","templated":true}]}}