{"id":27680,"date":"2025-06-24T16:48:44","date_gmt":"2025-06-24T13:48:44","guid":{"rendered":"https:\/\/www.clinica-sante.com\/ro\/analize-fara-categorie\/panel-boli-genetice-de-tesut-conjunctiv-connective-tissue-and-related-disorders-panel\/"},"modified":"2026-03-24T15:06:57","modified_gmt":"2026-03-24T13:06:57","slug":"panel-boli-genetice-de-tesut-conjunctiv-connective-tissue-and-related-disorders-panel","status":"publish","type":"product","link":"https:\/\/www.clinica-sante.com\/ro\/analize-diagnostic-genetic\/panel-boli-genetice-de-tesut-conjunctiv-connective-tissue-and-related-disorders-panel\/","title":{"rendered":"Panel boli genetice de tesut conjunctiv &#8211; Connective tissue and related disorders panel"},"content":{"rendered":"","protected":false},"excerpt":{"rendered":"<p>Panelul analizeaz\u0103 gene implicate \u00een boli genetice ale \u021besutului conjunctiv, precum sindroame Ehlers-Danlos, osteogenez\u0103 imperfect\u0103 sau sindrom Marfan. Se realizeaz\u0103 din ADN extras din s\u00e2nge \u0219i este recomandat \u00een cazuri cu suspiciune familial\u0103, pentru diagnostic \u0219i consiliere genetic\u0103.<\/p>\n","protected":false},"featured_media":0,"template":"","meta":{"_acf_changed":false,"inline_featured_image":false},"product_brand":[],"product_cat":[1209,3166,2876],"product_tag":[],"class_list":{"0":"post-27680","1":"product","2":"type-product","3":"status-publish","5":"product_cat-analize","6":"product_cat-diagnostic-genetic","7":"product_cat-serviciu-laborator","9":"first","10":"instock","11":"sale","12":"virtual","13":"purchasable","14":"product-type-simple"},"acf":[],"aioseo_notices":[],"_links":{"self":[{"href":"https:\/\/www.clinica-sante.com\/ro\/wp-json\/wp\/v2\/product\/27680","targetHints":{"allow":["GET"]}}],"collection":[{"href":"https:\/\/www.clinica-sante.com\/ro\/wp-json\/wp\/v2\/product"}],"about":[{"href":"https:\/\/www.clinica-sante.com\/ro\/wp-json\/wp\/v2\/types\/product"}],"wp:attachment":[{"href":"https:\/\/www.clinica-sante.com\/ro\/wp-json\/wp\/v2\/media?parent=27680"}],"wp:term":[{"taxonomy":"product_brand","embeddable":true,"href":"https:\/\/www.clinica-sante.com\/ro\/wp-json\/wp\/v2\/product_brand?post=27680"},{"taxonomy":"product_cat","embeddable":true,"href":"https:\/\/www.clinica-sante.com\/ro\/wp-json\/wp\/v2\/product_cat?post=27680"},{"taxonomy":"product_tag","embeddable":true,"href":"https:\/\/www.clinica-sante.com\/ro\/wp-json\/wp\/v2\/product_tag?post=27680"}],"curies":[{"name":"wp","href":"https:\/\/api.w.org\/{rel}","templated":true}]}}