{"id":27665,"date":"2025-06-24T15:47:58","date_gmt":"2025-06-24T13:47:58","guid":{"rendered":"https:\/\/www.clinica-sante.com\/ro\/analize-fara-categorie\/detectie-mutatie-de-rezistenta-la-terapia-cu-inhibitori-tirozin-kinazici-domeniul-tirozin-kinazic-abl-ablr\/"},"modified":"2026-02-27T18:05:48","modified_gmt":"2026-02-27T16:05:48","slug":"detectie-mutatie-de-rezistenta-la-terapia-cu-inhibitori-tirozin-kinazici-domeniul-tirozin-kinazic-abl-ablr","status":"publish","type":"product","link":"https:\/\/www.clinica-sante.com\/ro\/analize-farmacogenetica-si-farmacogenomica\/detectie-mutatie-de-rezistenta-la-terapia-cu-inhibitori-tirozin-kinazici-domeniul-tirozin-kinazic-abl-ablr\/","title":{"rendered":"Detectie mutatie de rezistenta la terapia cu inhibitori tirozin-kinazici (domeniul tirozin-kinazic ABL) [ABLR]"},"content":{"rendered":"","protected":false},"excerpt":{"rendered":"<p>Analiza genetic\u0103 detecteaz\u0103 muta\u021bii \u00een domeniul tirozin-kinazic ABL, asociate cu rezisten\u021ba la terapia cu inhibitori de tirozin-kinaz\u0103, utilizat\u0103 \u00een principal \u00een tratamentul leucemiei mieloide cronice. Rezultatul permite ajustarea tratamentului \u00een func\u021bie de profilul genetic al pacientului.<\/p>\n","protected":false},"featured_media":0,"template":"","meta":{"_acf_changed":false,"inline_featured_image":false},"product_brand":[],"product_cat":[1209,3226,2876],"product_tag":[],"class_list":{"0":"post-27665","1":"product","2":"type-product","3":"status-publish","5":"product_cat-analize","6":"product_cat-farmacogenetica-si-farmacogenomica","7":"product_cat-serviciu-laborator","8":"pa_genetica-oncogenetica","10":"first","11":"instock","12":"sale","13":"virtual","14":"purchasable","15":"product-type-simple"},"acf":[],"aioseo_notices":[],"_links":{"self":[{"href":"https:\/\/www.clinica-sante.com\/ro\/wp-json\/wp\/v2\/product\/27665","targetHints":{"allow":["GET"]}}],"collection":[{"href":"https:\/\/www.clinica-sante.com\/ro\/wp-json\/wp\/v2\/product"}],"about":[{"href":"https:\/\/www.clinica-sante.com\/ro\/wp-json\/wp\/v2\/types\/product"}],"wp:attachment":[{"href":"https:\/\/www.clinica-sante.com\/ro\/wp-json\/wp\/v2\/media?parent=27665"}],"wp:term":[{"taxonomy":"product_brand","embeddable":true,"href":"https:\/\/www.clinica-sante.com\/ro\/wp-json\/wp\/v2\/product_brand?post=27665"},{"taxonomy":"product_cat","embeddable":true,"href":"https:\/\/www.clinica-sante.com\/ro\/wp-json\/wp\/v2\/product_cat?post=27665"},{"taxonomy":"product_tag","embeddable":true,"href":"https:\/\/www.clinica-sante.com\/ro\/wp-json\/wp\/v2\/product_tag?post=27665"}],"curies":[{"name":"wp","href":"https:\/\/api.w.org\/{rel}","templated":true}]}}