{"id":27658,"date":"2025-06-24T16:47:36","date_gmt":"2025-06-24T13:47:36","guid":{"rendered":"https:\/\/www.clinica-sante.com\/ro\/analize-fara-categorie\/pgt-m-testare-genetica-preimplantationala-boala-monogenica-prelucrare-initiala\/"},"modified":"2026-03-24T15:19:47","modified_gmt":"2026-03-24T13:19:47","slug":"pgt-m-testare-genetica-preimplantationala-boala-monogenica-prelucrare-initiala","status":"publish","type":"product","link":"https:\/\/www.clinica-sante.com\/ro\/analize-fertilitate-infertilitate-fiv\/pgt-m-testare-genetica-preimplantationala-boala-monogenica-prelucrare-initiala\/","title":{"rendered":"PGT-M &#8211; Testare genetica preimplantationala boala monogenica (prelucrare initiala)"},"content":{"rendered":"","protected":false},"excerpt":{"rendered":"<p>PGT-M detecteaz\u0103 muta\u021biile care cauzeaz\u0103 boli monogenice mo\u0219tenite, precum fibroza chistic\u0103 sau atrofia muscular\u0103 spinal\u0103. Se efectueaz\u0103 pe embrionii ob\u021binu\u021bi prin fertilizare in vitro, \u00eenainte de transferul uterin, pentru a selecta doar pe cei care nu au mo\u0219tenit boala de la p\u0103rin\u021bi.<\/p>\n","protected":false},"featured_media":0,"template":"","meta":{"_acf_changed":false,"inline_featured_image":false},"product_brand":[],"product_cat":[1209,3167,2876],"product_tag":[],"class_list":{"0":"post-27658","1":"product","2":"type-product","3":"status-publish","5":"product_cat-analize","6":"product_cat-fertilitate-infertilitate-fiv","7":"product_cat-serviciu-laborator","8":"pa_genetica-fertilitate-infertilitate-fiv","10":"first","11":"instock","12":"virtual","13":"product-type-simple"},"acf":[],"aioseo_notices":[],"_links":{"self":[{"href":"https:\/\/www.clinica-sante.com\/ro\/wp-json\/wp\/v2\/product\/27658","targetHints":{"allow":["GET"]}}],"collection":[{"href":"https:\/\/www.clinica-sante.com\/ro\/wp-json\/wp\/v2\/product"}],"about":[{"href":"https:\/\/www.clinica-sante.com\/ro\/wp-json\/wp\/v2\/types\/product"}],"wp:attachment":[{"href":"https:\/\/www.clinica-sante.com\/ro\/wp-json\/wp\/v2\/media?parent=27658"}],"wp:term":[{"taxonomy":"product_brand","embeddable":true,"href":"https:\/\/www.clinica-sante.com\/ro\/wp-json\/wp\/v2\/product_brand?post=27658"},{"taxonomy":"product_cat","embeddable":true,"href":"https:\/\/www.clinica-sante.com\/ro\/wp-json\/wp\/v2\/product_cat?post=27658"},{"taxonomy":"product_tag","embeddable":true,"href":"https:\/\/www.clinica-sante.com\/ro\/wp-json\/wp\/v2\/product_tag?post=27658"}],"curies":[{"name":"wp","href":"https:\/\/api.w.org\/{rel}","templated":true}]}}