{"id":27645,"date":"2025-06-24T16:46:56","date_gmt":"2025-06-24T13:46:56","guid":{"rendered":"https:\/\/www.clinica-sante.com\/ro\/analize-fara-categorie\/cultura-secretie-uretrala-identificare-fungica\/"},"modified":"2025-07-31T18:36:35","modified_gmt":"2025-07-31T15:36:35","slug":"cultura-secretie-uretrala-identificare-fungica","status":"publish","type":"product","link":"https:\/\/www.clinica-sante.com\/ro\/analize-microbiologie\/cultura-secretie-uretrala-identificare-fungica\/","title":{"rendered":"Cultura secretie uretrala &#8211; identificare fungica"},"content":{"rendered":"","protected":false},"excerpt":{"rendered":"<p>Testul detecteaz\u0103 fungi (ex. Candida) din secre\u021bia uretral\u0103. Este recomandat \u00een simptome persistente de uretrit\u0103, mai ales dup\u0103 tratamente antibiotice sau \u00een cazuri de imunosupresie.<\/p>\n","protected":false},"featured_media":0,"template":"","meta":{"_acf_changed":false,"inline_featured_image":false},"product_brand":[],"product_cat":[1209,3152,2876],"product_tag":[],"class_list":{"0":"post-27645","1":"product","2":"type-product","3":"status-publish","5":"product_cat-analize","6":"product_cat-microbiologie","7":"product_cat-serviciu-laborator","9":"first","10":"instock","11":"virtual","12":"product-type-simple"},"acf":[],"aioseo_notices":[],"_links":{"self":[{"href":"https:\/\/www.clinica-sante.com\/ro\/wp-json\/wp\/v2\/product\/27645","targetHints":{"allow":["GET"]}}],"collection":[{"href":"https:\/\/www.clinica-sante.com\/ro\/wp-json\/wp\/v2\/product"}],"about":[{"href":"https:\/\/www.clinica-sante.com\/ro\/wp-json\/wp\/v2\/types\/product"}],"wp:attachment":[{"href":"https:\/\/www.clinica-sante.com\/ro\/wp-json\/wp\/v2\/media?parent=27645"}],"wp:term":[{"taxonomy":"product_brand","embeddable":true,"href":"https:\/\/www.clinica-sante.com\/ro\/wp-json\/wp\/v2\/product_brand?post=27645"},{"taxonomy":"product_cat","embeddable":true,"href":"https:\/\/www.clinica-sante.com\/ro\/wp-json\/wp\/v2\/product_cat?post=27645"},{"taxonomy":"product_tag","embeddable":true,"href":"https:\/\/www.clinica-sante.com\/ro\/wp-json\/wp\/v2\/product_tag?post=27645"}],"curies":[{"name":"wp","href":"https:\/\/api.w.org\/{rel}","templated":true}]}}