{"id":27639,"date":"2025-06-24T16:46:37","date_gmt":"2025-06-24T13:46:37","guid":{"rendered":"https:\/\/www.clinica-sante.com\/ro\/analize-fara-categorie\/piesa-histologica-complexa-7-10-blocuri\/"},"modified":"2026-02-24T11:36:03","modified_gmt":"2026-02-24T09:36:03","slug":"piesa-histologica-complexa-7-10-blocuri","status":"publish","type":"product","link":"https:\/\/www.clinica-sante.com\/ro\/analize-anatomie-patologica\/piesa-histologica-complexa-7-10-blocuri\/","title":{"rendered":"Piesa histologica complexa, 7 &#8211; 10 blocuri"},"content":{"rendered":"","protected":false},"excerpt":{"rendered":"<p>Examinarea histopatologic\u0103 reprezint\u0103 analiza microscopic\u0103 a unei probe de \u021besut de c\u0103tre medicul anatomopatolog. Aceasta permite evaluarea morfologiei celulare \u0219i identificarea leziunilor inflamatorii, degenerative sau neoplazice, fiind esen\u021bial\u0103 \u00een diagnosticul tumorilor, afec\u021biunilor inflamatorii \u0219i altor modific\u0103ri structurale.<\/p>\n","protected":false},"featured_media":0,"template":"","meta":{"_acf_changed":false,"inline_featured_image":false},"product_brand":[],"product_cat":[1209,3168,2876],"product_tag":[],"class_list":{"0":"post-27639","1":"product","2":"type-product","3":"status-publish","5":"product_cat-analize","6":"product_cat-anatomie-patologica","7":"product_cat-serviciu-laborator","9":"first","10":"instock","11":"sale","12":"virtual","13":"purchasable","14":"product-type-simple"},"acf":[],"aioseo_notices":[],"_links":{"self":[{"href":"https:\/\/www.clinica-sante.com\/ro\/wp-json\/wp\/v2\/product\/27639","targetHints":{"allow":["GET"]}}],"collection":[{"href":"https:\/\/www.clinica-sante.com\/ro\/wp-json\/wp\/v2\/product"}],"about":[{"href":"https:\/\/www.clinica-sante.com\/ro\/wp-json\/wp\/v2\/types\/product"}],"wp:attachment":[{"href":"https:\/\/www.clinica-sante.com\/ro\/wp-json\/wp\/v2\/media?parent=27639"}],"wp:term":[{"taxonomy":"product_brand","embeddable":true,"href":"https:\/\/www.clinica-sante.com\/ro\/wp-json\/wp\/v2\/product_brand?post=27639"},{"taxonomy":"product_cat","embeddable":true,"href":"https:\/\/www.clinica-sante.com\/ro\/wp-json\/wp\/v2\/product_cat?post=27639"},{"taxonomy":"product_tag","embeddable":true,"href":"https:\/\/www.clinica-sante.com\/ro\/wp-json\/wp\/v2\/product_tag?post=27639"}],"curies":[{"name":"wp","href":"https:\/\/api.w.org\/{rel}","templated":true}]}}