{"id":27638,"date":"2025-06-24T15:46:34","date_gmt":"2025-06-24T13:46:34","guid":{"rendered":"https:\/\/www.clinica-sante.com\/ro\/analize-fara-categorie\/histologie-consult-4-6-blocuri\/"},"modified":"2026-02-24T11:26:43","modified_gmt":"2026-02-24T09:26:43","slug":"histologie-consult-4-6-blocuri","status":"publish","type":"product","link":"https:\/\/www.clinica-sante.com\/ro\/analize-anatomie-patologica\/histologie-consult-4-6-blocuri\/","title":{"rendered":"Histologie consult, 4 &#8211; 6 blocuri"},"content":{"rendered":"","protected":false},"excerpt":{"rendered":"<p>Consultul histologic const\u0103 \u00een evaluarea microscopic\u0103 a probelor tisulare incluse \u00een parafin\u0103 (\u201eblocuri\u201d), \u00een scopul stabilirii unui diagnostic morfologic. Investiga\u021bia este indicat\u0103 pentru confirmarea sau clarificarea unui diagnostic, \u00een cazuri cu leziuni benigne sau maligne, localizate sau extinse, \u00een func\u021bie de volumul \u0219i complexitatea materialului examinat.<\/p>\n","protected":false},"featured_media":0,"template":"","meta":{"_acf_changed":false,"inline_featured_image":false},"product_brand":[],"product_cat":[1209,3168,2876],"product_tag":[],"class_list":{"0":"post-27638","1":"product","2":"type-product","3":"status-publish","5":"product_cat-analize","6":"product_cat-anatomie-patologica","7":"product_cat-serviciu-laborator","9":"first","10":"instock","11":"sale","12":"virtual","13":"purchasable","14":"product-type-simple"},"acf":[],"aioseo_notices":[],"_links":{"self":[{"href":"https:\/\/www.clinica-sante.com\/ro\/wp-json\/wp\/v2\/product\/27638","targetHints":{"allow":["GET"]}}],"collection":[{"href":"https:\/\/www.clinica-sante.com\/ro\/wp-json\/wp\/v2\/product"}],"about":[{"href":"https:\/\/www.clinica-sante.com\/ro\/wp-json\/wp\/v2\/types\/product"}],"wp:attachment":[{"href":"https:\/\/www.clinica-sante.com\/ro\/wp-json\/wp\/v2\/media?parent=27638"}],"wp:term":[{"taxonomy":"product_brand","embeddable":true,"href":"https:\/\/www.clinica-sante.com\/ro\/wp-json\/wp\/v2\/product_brand?post=27638"},{"taxonomy":"product_cat","embeddable":true,"href":"https:\/\/www.clinica-sante.com\/ro\/wp-json\/wp\/v2\/product_cat?post=27638"},{"taxonomy":"product_tag","embeddable":true,"href":"https:\/\/www.clinica-sante.com\/ro\/wp-json\/wp\/v2\/product_tag?post=27638"}],"curies":[{"name":"wp","href":"https:\/\/api.w.org\/{rel}","templated":true}]}}