{"id":27628,"date":"2025-06-24T15:46:02","date_gmt":"2025-06-24T13:46:02","guid":{"rendered":"https:\/\/www.clinica-sante.com\/ro\/analize-fara-categorie\/dozare-adalimumab\/"},"modified":"2026-01-03T17:49:51","modified_gmt":"2026-01-03T15:49:51","slug":"dozare-adalimumab","status":"publish","type":"product","link":"https:\/\/www.clinica-sante.com\/ro\/analize-dozare-terapeutica-de-medicamente\/dozare-adalimumab\/","title":{"rendered":"Dozare Adalimumab"},"content":{"rendered":"","protected":false},"excerpt":{"rendered":"<p>Testul m\u0103soar\u0103 nivelul seric al adalimumabului, un anticorp monoclonal utilizat \u00een tratamentul bolilor autoimune precum artrita reumatoid\u0103 \u0219i boala Crohn. Determinarea este util\u0103 pentru monitorizarea eficien\u021bei terapiei \u0219i ajustarea dozelor.<\/p>\n","protected":false},"featured_media":0,"template":"","meta":{"_acf_changed":false,"inline_featured_image":false},"product_brand":[],"product_cat":[1209,3164,2876],"product_tag":[],"class_list":{"0":"post-27628","1":"product","2":"type-product","3":"status-publish","5":"product_cat-analize","6":"product_cat-dozare-terapeutica-de-medicamente","7":"product_cat-serviciu-laborator","9":"first","10":"instock","11":"sale","12":"virtual","13":"purchasable","14":"product-type-simple"},"acf":[],"aioseo_notices":[],"_links":{"self":[{"href":"https:\/\/www.clinica-sante.com\/ro\/wp-json\/wp\/v2\/product\/27628","targetHints":{"allow":["GET"]}}],"collection":[{"href":"https:\/\/www.clinica-sante.com\/ro\/wp-json\/wp\/v2\/product"}],"about":[{"href":"https:\/\/www.clinica-sante.com\/ro\/wp-json\/wp\/v2\/types\/product"}],"wp:attachment":[{"href":"https:\/\/www.clinica-sante.com\/ro\/wp-json\/wp\/v2\/media?parent=27628"}],"wp:term":[{"taxonomy":"product_brand","embeddable":true,"href":"https:\/\/www.clinica-sante.com\/ro\/wp-json\/wp\/v2\/product_brand?post=27628"},{"taxonomy":"product_cat","embeddable":true,"href":"https:\/\/www.clinica-sante.com\/ro\/wp-json\/wp\/v2\/product_cat?post=27628"},{"taxonomy":"product_tag","embeddable":true,"href":"https:\/\/www.clinica-sante.com\/ro\/wp-json\/wp\/v2\/product_tag?post=27628"}],"curies":[{"name":"wp","href":"https:\/\/api.w.org\/{rel}","templated":true}]}}