{"id":27616,"date":"2025-06-24T16:45:23","date_gmt":"2025-06-24T13:45:23","guid":{"rendered":"https:\/\/www.clinica-sante.com\/ro\/analize-fara-categorie\/acid-folic-folat-eritrocitar\/"},"modified":"2026-01-03T17:58:54","modified_gmt":"2026-01-03T15:58:54","slug":"acid-folic-folat-eritrocitar","status":"publish","type":"product","link":"https:\/\/www.clinica-sante.com\/ro\/analize-diverse-vitamine-oligoelemente\/acid-folic-folat-eritrocitar\/","title":{"rendered":"Acid folic (folat) eritrocitar"},"content":{"rendered":"","protected":false},"excerpt":{"rendered":"<p>Acidul folic (vitamina B9) este esen\u021bial pentru sinteza ADN-ului \u0219i diviziunea celular\u0103, fiind important \u00een hematopoiez\u0103 \u0219i dezvoltarea fetal\u0103. Testul determin\u0103 nivelul acidului folic din globulele ro\u0219ii, reflect\u00e2nd rezervele tisulare pe termen lung. Este util \u00een investigarea anemiilor megaloblastice \u0219i a deficitului cronic de folat.<\/p>\n","protected":false},"featured_media":0,"template":"","meta":{"_acf_changed":false,"inline_featured_image":false},"product_brand":[],"product_cat":[1209,3183,2876],"product_tag":[],"class_list":{"0":"post-27616","1":"product","2":"type-product","3":"status-publish","5":"product_cat-analize","6":"product_cat-diverse-vitamine-oligoelemente","7":"product_cat-serviciu-laborator","9":"first","10":"instock","11":"sale","12":"virtual","13":"purchasable","14":"product-type-simple"},"acf":[],"aioseo_notices":[],"_links":{"self":[{"href":"https:\/\/www.clinica-sante.com\/ro\/wp-json\/wp\/v2\/product\/27616","targetHints":{"allow":["GET"]}}],"collection":[{"href":"https:\/\/www.clinica-sante.com\/ro\/wp-json\/wp\/v2\/product"}],"about":[{"href":"https:\/\/www.clinica-sante.com\/ro\/wp-json\/wp\/v2\/types\/product"}],"wp:attachment":[{"href":"https:\/\/www.clinica-sante.com\/ro\/wp-json\/wp\/v2\/media?parent=27616"}],"wp:term":[{"taxonomy":"product_brand","embeddable":true,"href":"https:\/\/www.clinica-sante.com\/ro\/wp-json\/wp\/v2\/product_brand?post=27616"},{"taxonomy":"product_cat","embeddable":true,"href":"https:\/\/www.clinica-sante.com\/ro\/wp-json\/wp\/v2\/product_cat?post=27616"},{"taxonomy":"product_tag","embeddable":true,"href":"https:\/\/www.clinica-sante.com\/ro\/wp-json\/wp\/v2\/product_tag?post=27616"}],"curies":[{"name":"wp","href":"https:\/\/api.w.org\/{rel}","templated":true}]}}