{"id":27605,"date":"2025-06-24T16:44:49","date_gmt":"2025-06-24T13:44:49","guid":{"rendered":"https:\/\/www.clinica-sante.com\/ro\/analize-fara-categorie\/ige-specific-staphyloccocus-aureus-enterotoxina-c-m223\/"},"modified":"2026-01-03T17:54:30","modified_gmt":"2026-01-03T15:54:30","slug":"ige-specific-staphyloccocus-aureus-enterotoxina-c-m223","status":"publish","type":"product","link":"https:\/\/www.clinica-sante.com\/ro\/analize-alergologie\/ige-specific-staphyloccocus-aureus-enterotoxina-c-m223\/","title":{"rendered":"IgE specific Staphyloccocus aureus Enterotoxina C (m223)"},"content":{"rendered":"","protected":false},"excerpt":{"rendered":"<p>Testul identific\u0103 sensibilizarea IgE-mediat\u0103 la enterotoxina C produs\u0103 de Staphylococcus aureus, fiind indicat \u0219i \u00een evaluarea pacien\u021bilor cu alergii severe sau boli respiratorii cronice cu implicare bacterian\u0103 persistent\u0103.<\/p>\n","protected":false},"featured_media":0,"template":"","meta":{"_acf_changed":false,"inline_featured_image":false},"product_brand":[],"product_cat":[3151,1209,2876],"product_tag":[],"class_list":{"0":"post-27605","1":"product","2":"type-product","3":"status-publish","5":"product_cat-alergologie","6":"product_cat-analize","7":"product_cat-serviciu-laborator","9":"first","10":"instock","11":"sale","12":"virtual","13":"purchasable","14":"product-type-simple"},"acf":[],"aioseo_notices":[],"_links":{"self":[{"href":"https:\/\/www.clinica-sante.com\/ro\/wp-json\/wp\/v2\/product\/27605","targetHints":{"allow":["GET"]}}],"collection":[{"href":"https:\/\/www.clinica-sante.com\/ro\/wp-json\/wp\/v2\/product"}],"about":[{"href":"https:\/\/www.clinica-sante.com\/ro\/wp-json\/wp\/v2\/types\/product"}],"wp:attachment":[{"href":"https:\/\/www.clinica-sante.com\/ro\/wp-json\/wp\/v2\/media?parent=27605"}],"wp:term":[{"taxonomy":"product_brand","embeddable":true,"href":"https:\/\/www.clinica-sante.com\/ro\/wp-json\/wp\/v2\/product_brand?post=27605"},{"taxonomy":"product_cat","embeddable":true,"href":"https:\/\/www.clinica-sante.com\/ro\/wp-json\/wp\/v2\/product_cat?post=27605"},{"taxonomy":"product_tag","embeddable":true,"href":"https:\/\/www.clinica-sante.com\/ro\/wp-json\/wp\/v2\/product_tag?post=27605"}],"curies":[{"name":"wp","href":"https:\/\/api.w.org\/{rel}","templated":true}]}}