{"id":27598,"date":"2025-06-24T16:44:27","date_gmt":"2025-06-24T13:44:27","guid":{"rendered":"https:\/\/www.clinica-sante.com\/ro\/analize-fara-categorie\/hiv-arn-viral\/"},"modified":"2026-02-27T18:04:54","modified_gmt":"2026-02-27T16:04:54","slug":"hiv-arn-viral","status":"publish","type":"product","link":"https:\/\/www.clinica-sante.com\/ro\/analize-genetica-infectioasa\/hiv-arn-viral\/","title":{"rendered":"HIV &#8211; ARN viral"},"content":{"rendered":"","protected":false},"excerpt":{"rendered":"<p>Analiza m\u0103soar\u0103 cantitatea de ARN viral HIV din s\u00e2nge (viremia), fiind un indicator direct al activit\u0103\u021bii infec\u021biei. Este esen\u021bial\u0103 pentru monitorizarea r\u0103spunsului la tratamentul antiretroviral, detectarea precoce a infec\u021biei (\u00eenainte de apari\u021bia anticorpilor) \u0219i evaluarea cazurilor cu serologie incert\u0103. Se utilizeaz\u0103 \u0219i \u00een screening-ul donatorilor de s\u00e2nge sau organe.<\/p>\n","protected":false},"featured_media":0,"template":"","meta":{"_acf_changed":false,"inline_featured_image":false},"product_brand":[],"product_cat":[1209,3172,2876],"product_tag":[],"class_list":{"0":"post-27598","1":"product","2":"type-product","3":"status-publish","5":"product_cat-analize","6":"product_cat-genetica-infectioasa","7":"product_cat-serviciu-laborator","9":"first","10":"instock","11":"sale","12":"virtual","13":"purchasable","14":"product-type-simple"},"acf":[],"aioseo_notices":[],"_links":{"self":[{"href":"https:\/\/www.clinica-sante.com\/ro\/wp-json\/wp\/v2\/product\/27598","targetHints":{"allow":["GET"]}}],"collection":[{"href":"https:\/\/www.clinica-sante.com\/ro\/wp-json\/wp\/v2\/product"}],"about":[{"href":"https:\/\/www.clinica-sante.com\/ro\/wp-json\/wp\/v2\/types\/product"}],"wp:attachment":[{"href":"https:\/\/www.clinica-sante.com\/ro\/wp-json\/wp\/v2\/media?parent=27598"}],"wp:term":[{"taxonomy":"product_brand","embeddable":true,"href":"https:\/\/www.clinica-sante.com\/ro\/wp-json\/wp\/v2\/product_brand?post=27598"},{"taxonomy":"product_cat","embeddable":true,"href":"https:\/\/www.clinica-sante.com\/ro\/wp-json\/wp\/v2\/product_cat?post=27598"},{"taxonomy":"product_tag","embeddable":true,"href":"https:\/\/www.clinica-sante.com\/ro\/wp-json\/wp\/v2\/product_tag?post=27598"}],"curies":[{"name":"wp","href":"https:\/\/api.w.org\/{rel}","templated":true}]}}