{"id":27582,"date":"2025-06-24T16:43:38","date_gmt":"2025-06-24T13:43:38","guid":{"rendered":"https:\/\/www.clinica-sante.com\/ro\/analize-fara-categorie\/adenozin-deaminaza-ada\/"},"modified":"2026-01-03T17:48:24","modified_gmt":"2026-01-03T15:48:24","slug":"adenozin-deaminaza-ada","status":"publish","type":"product","link":"https:\/\/www.clinica-sante.com\/ro\/analize-biochimie\/adenozin-deaminaza-ada\/","title":{"rendered":"Adenozin deaminaza (ADA)"},"content":{"rendered":"","protected":false},"excerpt":{"rendered":"<p>ADA este o enzim\u0103 implicat\u0103 \u00een metabolismul purinelor \u0219i \u00een func\u021bionarea limfocitelor T. Testul este folosit \u00een diagnosticul adjuvant al tuberculozei extrapulmonare, \u00een special \u00een formele cu manifest\u0103ri pleurale, \u0219i poate fi indicat \u00een suspiciuni de imunodeficien\u021b\u0103 celular\u0103 sever\u0103.<\/p>\n","protected":false},"featured_media":0,"template":"","meta":{"_acf_changed":false,"inline_featured_image":false},"product_brand":[],"product_cat":[1209,3169,2876],"product_tag":[],"class_list":{"0":"post-27582","1":"product","2":"type-product","3":"status-publish","5":"product_cat-analize","6":"product_cat-biochimie","7":"product_cat-serviciu-laborator","9":"first","10":"instock","11":"sale","12":"virtual","13":"purchasable","14":"product-type-simple"},"acf":[],"aioseo_notices":[],"_links":{"self":[{"href":"https:\/\/www.clinica-sante.com\/ro\/wp-json\/wp\/v2\/product\/27582","targetHints":{"allow":["GET"]}}],"collection":[{"href":"https:\/\/www.clinica-sante.com\/ro\/wp-json\/wp\/v2\/product"}],"about":[{"href":"https:\/\/www.clinica-sante.com\/ro\/wp-json\/wp\/v2\/types\/product"}],"wp:attachment":[{"href":"https:\/\/www.clinica-sante.com\/ro\/wp-json\/wp\/v2\/media?parent=27582"}],"wp:term":[{"taxonomy":"product_brand","embeddable":true,"href":"https:\/\/www.clinica-sante.com\/ro\/wp-json\/wp\/v2\/product_brand?post=27582"},{"taxonomy":"product_cat","embeddable":true,"href":"https:\/\/www.clinica-sante.com\/ro\/wp-json\/wp\/v2\/product_cat?post=27582"},{"taxonomy":"product_tag","embeddable":true,"href":"https:\/\/www.clinica-sante.com\/ro\/wp-json\/wp\/v2\/product_tag?post=27582"}],"curies":[{"name":"wp","href":"https:\/\/api.w.org\/{rel}","templated":true}]}}