{"id":27577,"date":"2025-06-24T15:43:23","date_gmt":"2025-06-24T13:43:23","guid":{"rendered":"https:\/\/www.clinica-sante.com\/ro\/analize-fara-categorie\/buprenorfina-si-norbuprenorfina-urinara\/"},"modified":"2026-01-03T17:54:49","modified_gmt":"2026-01-03T15:54:49","slug":"buprenorfina-si-norbuprenorfina-urinara","status":"publish","type":"product","link":"https:\/\/www.clinica-sante.com\/ro\/analize-serviciu-laborator\/buprenorfina-si-norbuprenorfina-urinara\/","title":{"rendered":"Buprenorfina si norbuprenorfina urinara"},"content":{"rendered":"","protected":false},"excerpt":{"rendered":"<p>Analiza detecteaz\u0103 buprenorfina \u0219i metabolitul s\u0103u \u00een urin\u0103, utilizat\u0103 \u00een monitorizarea tratamentului substitutiv \u00een dependen\u021ba de opioide sau \u00een depistarea consumului abuziv.<\/p>\n","protected":false},"featured_media":0,"template":"","meta":{"_acf_changed":false,"inline_featured_image":false},"product_brand":[],"product_cat":[1209,2876,3176],"product_tag":[],"class_list":{"0":"post-27577","1":"product","2":"type-product","3":"status-publish","5":"product_cat-analize","6":"product_cat-serviciu-laborator","7":"product_cat-toxicologie","9":"first","10":"instock","11":"sale","12":"virtual","13":"purchasable","14":"product-type-simple"},"acf":[],"aioseo_notices":[],"_links":{"self":[{"href":"https:\/\/www.clinica-sante.com\/ro\/wp-json\/wp\/v2\/product\/27577","targetHints":{"allow":["GET"]}}],"collection":[{"href":"https:\/\/www.clinica-sante.com\/ro\/wp-json\/wp\/v2\/product"}],"about":[{"href":"https:\/\/www.clinica-sante.com\/ro\/wp-json\/wp\/v2\/types\/product"}],"wp:attachment":[{"href":"https:\/\/www.clinica-sante.com\/ro\/wp-json\/wp\/v2\/media?parent=27577"}],"wp:term":[{"taxonomy":"product_brand","embeddable":true,"href":"https:\/\/www.clinica-sante.com\/ro\/wp-json\/wp\/v2\/product_brand?post=27577"},{"taxonomy":"product_cat","embeddable":true,"href":"https:\/\/www.clinica-sante.com\/ro\/wp-json\/wp\/v2\/product_cat?post=27577"},{"taxonomy":"product_tag","embeddable":true,"href":"https:\/\/www.clinica-sante.com\/ro\/wp-json\/wp\/v2\/product_tag?post=27577"}],"curies":[{"name":"wp","href":"https:\/\/api.w.org\/{rel}","templated":true}]}}