{"id":27560,"date":"2025-06-24T16:42:30","date_gmt":"2025-06-24T13:42:30","guid":{"rendered":"https:\/\/www.clinica-sante.com\/ro\/analize-fara-categorie\/ige-specific-la-ambrosia-elatior-w1\/"},"modified":"2026-01-05T19:16:40","modified_gmt":"2026-01-05T17:16:40","slug":"ige-specific-la-ambrosia-elatior-w1","status":"publish","type":"product","link":"https:\/\/www.clinica-sante.com\/ro\/analize-alergologie\/ige-specific-la-ambrosia-elatior-w1\/","title":{"rendered":"IgE specific la Ambrosia elatior (w1)"},"content":{"rendered":"","protected":false},"excerpt":{"rendered":"<p>Analiza detecteaz\u0103 anticorpi IgE specifici pentru Ambrosia elatior, una dintre cele mai alergenice plante din Rom\u00e2nia. Este recomandat\u0103 \u00een rinit\u0103 alergic\u0103 sezonier\u0103, conjunctivit\u0103 sau astm cu debut la sf\u00e2r\u0219it de var\u0103 \u0219i \u00eenceput de toamn\u0103, ajut\u00e2nd la confirmarea sensibiliz\u0103rii \u0219i ghidarea tratamentului.<\/p>\n","protected":false},"featured_media":0,"template":"","meta":{"_acf_changed":false,"inline_featured_image":false},"product_brand":[],"product_cat":[3151,1209,2876],"product_tag":[],"class_list":{"0":"post-27560","1":"product","2":"type-product","3":"status-publish","5":"product_cat-alergologie","6":"product_cat-analize","7":"product_cat-serviciu-laborator","8":"pa_conditii-medicale-afecti-alergii-respiratorii","9":"pa_parti-ale-corpului-organ-plamani","10":"pa_parti-ale-corpului-siste-sistem-respirator","12":"first","13":"instock","14":"sale","15":"virtual","16":"purchasable","17":"product-type-simple"},"acf":[],"aioseo_notices":[],"_links":{"self":[{"href":"https:\/\/www.clinica-sante.com\/ro\/wp-json\/wp\/v2\/product\/27560","targetHints":{"allow":["GET"]}}],"collection":[{"href":"https:\/\/www.clinica-sante.com\/ro\/wp-json\/wp\/v2\/product"}],"about":[{"href":"https:\/\/www.clinica-sante.com\/ro\/wp-json\/wp\/v2\/types\/product"}],"wp:attachment":[{"href":"https:\/\/www.clinica-sante.com\/ro\/wp-json\/wp\/v2\/media?parent=27560"}],"wp:term":[{"taxonomy":"product_brand","embeddable":true,"href":"https:\/\/www.clinica-sante.com\/ro\/wp-json\/wp\/v2\/product_brand?post=27560"},{"taxonomy":"product_cat","embeddable":true,"href":"https:\/\/www.clinica-sante.com\/ro\/wp-json\/wp\/v2\/product_cat?post=27560"},{"taxonomy":"product_tag","embeddable":true,"href":"https:\/\/www.clinica-sante.com\/ro\/wp-json\/wp\/v2\/product_tag?post=27560"}],"curies":[{"name":"wp","href":"https:\/\/api.w.org\/{rel}","templated":true}]}}