{"id":27559,"date":"2025-06-24T16:42:27","date_gmt":"2025-06-24T13:42:27","guid":{"rendered":"https:\/\/www.clinica-sante.com\/ro\/analize-fara-categorie\/ige-specific-la-amestec-de-mucegaiuri-m1-m2-m3-m5-m6-m8-mp1\/"},"modified":"2026-01-05T19:14:13","modified_gmt":"2026-01-05T17:14:13","slug":"ige-specific-la-amestec-de-mucegaiuri-m1-m2-m3-m5-m6-m8-mp1","status":"publish","type":"product","link":"https:\/\/www.clinica-sante.com\/ro\/analize-alergologie\/ige-specific-la-amestec-de-mucegaiuri-m1-m2-m3-m5-m6-m8-mp1\/","title":{"rendered":"IgE specific la amestec de mucegaiuri (m1, m2, m3, m5, m6, m8) (mp1)"},"content":{"rendered":"","protected":false},"excerpt":{"rendered":"<p>Analiza detecteaz\u0103 sensibilizarea la mai multe tipuri de mucegaiuri (Alternaria, Aspergillus, Cladosporium etc.). Este recomandat\u0103 \u00een evaluarea astmului, rinitelor perene \u0219i altor alergii respiratorii cronice.<\/p>\n","protected":false},"featured_media":0,"template":"","meta":{"_acf_changed":false,"inline_featured_image":false},"product_brand":[],"product_cat":[3151,1209,2876],"product_tag":[],"class_list":{"0":"post-27559","1":"product","2":"type-product","3":"status-publish","5":"product_cat-alergologie","6":"product_cat-analize","7":"product_cat-serviciu-laborator","8":"pa_conditii-medicale-afecti-alergii-respiratorii","9":"pa_parti-ale-corpului-organ-plamani","10":"pa_parti-ale-corpului-siste-sistem-respirator","12":"first","13":"instock","14":"sale","15":"virtual","16":"purchasable","17":"product-type-simple"},"acf":[],"aioseo_notices":[],"_links":{"self":[{"href":"https:\/\/www.clinica-sante.com\/ro\/wp-json\/wp\/v2\/product\/27559","targetHints":{"allow":["GET"]}}],"collection":[{"href":"https:\/\/www.clinica-sante.com\/ro\/wp-json\/wp\/v2\/product"}],"about":[{"href":"https:\/\/www.clinica-sante.com\/ro\/wp-json\/wp\/v2\/types\/product"}],"wp:attachment":[{"href":"https:\/\/www.clinica-sante.com\/ro\/wp-json\/wp\/v2\/media?parent=27559"}],"wp:term":[{"taxonomy":"product_brand","embeddable":true,"href":"https:\/\/www.clinica-sante.com\/ro\/wp-json\/wp\/v2\/product_brand?post=27559"},{"taxonomy":"product_cat","embeddable":true,"href":"https:\/\/www.clinica-sante.com\/ro\/wp-json\/wp\/v2\/product_cat?post=27559"},{"taxonomy":"product_tag","embeddable":true,"href":"https:\/\/www.clinica-sante.com\/ro\/wp-json\/wp\/v2\/product_tag?post=27559"}],"curies":[{"name":"wp","href":"https:\/\/api.w.org\/{rel}","templated":true}]}}