{"id":27555,"date":"2025-06-24T16:42:15","date_gmt":"2025-06-24T13:42:15","guid":{"rendered":"https:\/\/www.clinica-sante.com\/ro\/analize-fara-categorie\/peptid-intestinal-vasoactiv-vip\/"},"modified":"2026-01-03T17:49:59","modified_gmt":"2026-01-03T15:49:59","slug":"peptid-intestinal-vasoactiv-vip","status":"publish","type":"product","link":"https:\/\/www.clinica-sante.com\/ro\/analize-imunologie\/peptid-intestinal-vasoactiv-vip\/","title":{"rendered":"Peptid intestinal vasoactiv (VIP)"},"content":{"rendered":"","protected":false},"excerpt":{"rendered":"<p>VIP este un hormon care regleaz\u0103 secre\u021biile digestive \u0219i motilitatea intestinal\u0103. Nivelurile crescute pot indica tumori neuroendocrine rare (VIPom), asociate cu diaree apoas\u0103 sever\u0103, dezechilibre electrolitice \u0219i pierderi importante de lichide.<\/p>\n","protected":false},"featured_media":0,"template":"","meta":{"_acf_changed":false,"inline_featured_image":false},"product_brand":[],"product_cat":[1209,3180,2876],"product_tag":[],"class_list":{"0":"post-27555","1":"product","2":"type-product","3":"status-publish","5":"product_cat-analize","6":"product_cat-imunologie","7":"product_cat-serviciu-laborator","8":"pa_conditii-medicale-afecti-tumori-neuroendocrine-pancreatice","9":"pa_parti-ale-corpului-organ-pancreas","10":"pa_parti-ale-corpului-siste-sistem-digestiv","12":"first","13":"instock","14":"sale","15":"virtual","16":"purchasable","17":"product-type-simple"},"acf":[],"aioseo_notices":[],"_links":{"self":[{"href":"https:\/\/www.clinica-sante.com\/ro\/wp-json\/wp\/v2\/product\/27555","targetHints":{"allow":["GET"]}}],"collection":[{"href":"https:\/\/www.clinica-sante.com\/ro\/wp-json\/wp\/v2\/product"}],"about":[{"href":"https:\/\/www.clinica-sante.com\/ro\/wp-json\/wp\/v2\/types\/product"}],"wp:attachment":[{"href":"https:\/\/www.clinica-sante.com\/ro\/wp-json\/wp\/v2\/media?parent=27555"}],"wp:term":[{"taxonomy":"product_brand","embeddable":true,"href":"https:\/\/www.clinica-sante.com\/ro\/wp-json\/wp\/v2\/product_brand?post=27555"},{"taxonomy":"product_cat","embeddable":true,"href":"https:\/\/www.clinica-sante.com\/ro\/wp-json\/wp\/v2\/product_cat?post=27555"},{"taxonomy":"product_tag","embeddable":true,"href":"https:\/\/www.clinica-sante.com\/ro\/wp-json\/wp\/v2\/product_tag?post=27555"}],"curies":[{"name":"wp","href":"https:\/\/api.w.org\/{rel}","templated":true}]}}