{"id":27548,"date":"2025-06-24T16:41:53","date_gmt":"2025-06-24T13:41:53","guid":{"rendered":"https:\/\/www.clinica-sante.com\/ro\/analize-fara-categorie\/nichel-seric\/"},"modified":"2026-01-03T17:55:35","modified_gmt":"2026-01-03T15:55:35","slug":"nichel-seric","status":"publish","type":"product","link":"https:\/\/www.clinica-sante.com\/ro\/analize-serviciu-laborator\/nichel-seric\/","title":{"rendered":"Nichel seric"},"content":{"rendered":"","protected":false},"excerpt":{"rendered":"<p>Testul m\u0103soar\u0103 nivelul nichelului \u00een s\u00e2nge, reflect\u00e2nd expunerea sistemic\u0103 la acest metal. Este indicat \u00een cazuri de expunere profesional\u0103, purtarea de proteze metalice sau implanturi, \u0219i \u00een investigarea simptomelor nespecifice care pot sugera toxicitate la nichel.<\/p>\n","protected":false},"featured_media":0,"template":"","meta":{"_acf_changed":false,"inline_featured_image":false},"product_brand":[],"product_cat":[1209,2876,3176],"product_tag":[],"class_list":{"0":"post-27548","1":"product","2":"type-product","3":"status-publish","5":"product_cat-analize","6":"product_cat-serviciu-laborator","7":"product_cat-toxicologie","9":"first","10":"instock","11":"sale","12":"virtual","13":"purchasable","14":"product-type-simple"},"acf":[],"aioseo_notices":[],"_links":{"self":[{"href":"https:\/\/www.clinica-sante.com\/ro\/wp-json\/wp\/v2\/product\/27548","targetHints":{"allow":["GET"]}}],"collection":[{"href":"https:\/\/www.clinica-sante.com\/ro\/wp-json\/wp\/v2\/product"}],"about":[{"href":"https:\/\/www.clinica-sante.com\/ro\/wp-json\/wp\/v2\/types\/product"}],"wp:attachment":[{"href":"https:\/\/www.clinica-sante.com\/ro\/wp-json\/wp\/v2\/media?parent=27548"}],"wp:term":[{"taxonomy":"product_brand","embeddable":true,"href":"https:\/\/www.clinica-sante.com\/ro\/wp-json\/wp\/v2\/product_brand?post=27548"},{"taxonomy":"product_cat","embeddable":true,"href":"https:\/\/www.clinica-sante.com\/ro\/wp-json\/wp\/v2\/product_cat?post=27548"},{"taxonomy":"product_tag","embeddable":true,"href":"https:\/\/www.clinica-sante.com\/ro\/wp-json\/wp\/v2\/product_tag?post=27548"}],"curies":[{"name":"wp","href":"https:\/\/api.w.org\/{rel}","templated":true}]}}