{"id":27544,"date":"2025-06-24T16:41:41","date_gmt":"2025-06-24T13:41:41","guid":{"rendered":"https:\/\/www.clinica-sante.com\/ro\/analize-fara-categorie\/vitamina-b2\/"},"modified":"2026-01-03T17:50:26","modified_gmt":"2026-01-03T15:50:26","slug":"vitamina-b2","status":"publish","type":"product","link":"https:\/\/www.clinica-sante.com\/ro\/analize-diverse-vitamine-oligoelemente\/vitamina-b2\/","title":{"rendered":"Vitamina B2"},"content":{"rendered":"","protected":false},"excerpt":{"rendered":"<p>Analiza determin\u0103 nivelul seric al riboflavinei (vitamina B2), implicat\u0103 \u00een procesele enzimatice \u0219i s\u0103n\u0103tatea pielii \u0219i mucoaselor. Deficitul poate ap\u0103rea \u00een alimenta\u021bie inadecvat\u0103, sindroame de malabsorb\u021bie sau sarcin\u0103.<\/p>\n","protected":false},"featured_media":0,"template":"","meta":{"_acf_changed":false,"inline_featured_image":false},"product_brand":[],"product_cat":[1209,3183,2876],"product_tag":[],"class_list":{"0":"post-27544","1":"product","2":"type-product","3":"status-publish","5":"product_cat-analize","6":"product_cat-diverse-vitamine-oligoelemente","7":"product_cat-serviciu-laborator","9":"first","10":"instock","11":"sale","12":"virtual","13":"purchasable","14":"product-type-simple"},"acf":[],"aioseo_notices":[],"_links":{"self":[{"href":"https:\/\/www.clinica-sante.com\/ro\/wp-json\/wp\/v2\/product\/27544","targetHints":{"allow":["GET"]}}],"collection":[{"href":"https:\/\/www.clinica-sante.com\/ro\/wp-json\/wp\/v2\/product"}],"about":[{"href":"https:\/\/www.clinica-sante.com\/ro\/wp-json\/wp\/v2\/types\/product"}],"wp:attachment":[{"href":"https:\/\/www.clinica-sante.com\/ro\/wp-json\/wp\/v2\/media?parent=27544"}],"wp:term":[{"taxonomy":"product_brand","embeddable":true,"href":"https:\/\/www.clinica-sante.com\/ro\/wp-json\/wp\/v2\/product_brand?post=27544"},{"taxonomy":"product_cat","embeddable":true,"href":"https:\/\/www.clinica-sante.com\/ro\/wp-json\/wp\/v2\/product_cat?post=27544"},{"taxonomy":"product_tag","embeddable":true,"href":"https:\/\/www.clinica-sante.com\/ro\/wp-json\/wp\/v2\/product_tag?post=27544"}],"curies":[{"name":"wp","href":"https:\/\/api.w.org\/{rel}","templated":true}]}}