{"id":27528,"date":"2025-06-24T16:40:51","date_gmt":"2025-06-24T13:40:51","guid":{"rendered":"https:\/\/www.clinica-sante.com\/ro\/analize-fara-categorie\/anticorpi-antinucleari-imunofluorescenta-indirecta-titrare\/"},"modified":"2026-01-03T17:47:11","modified_gmt":"2026-01-03T15:47:11","slug":"anticorpi-antinucleari-imunofluorescenta-indirecta-titrare","status":"publish","type":"product","link":"https:\/\/www.clinica-sante.com\/ro\/analize-boli-autoimune\/anticorpi-antinucleari-imunofluorescenta-indirecta-titrare\/","title":{"rendered":"Anticorpi antinucleari (Imunofluorescenta indirecta &#8211; titrare)"},"content":{"rendered":"","protected":false},"excerpt":{"rendered":"<p>Testul identific\u0103 prezen\u021ba autoanticorpilor antinucleari (ANA) prin imunofluorescen\u021b\u0103 indirect\u0103 pe celule HEp-2, metod\u0103 standardizat\u0103 care ofer\u0103 at\u00e2t titrul, c\u00e2t \u0219i tiparul de fluorescen\u021b\u0103. Este un test de screening important \u00een bolile autoimune sistemice, precum lupus eritematos sistemic, sclerodermie, poliartrit\u0103 reumatoid\u0103 sau sindrom Sj\u00f6gren.<\/p>\n","protected":false},"featured_media":0,"template":"","meta":{"_acf_changed":false,"inline_featured_image":false},"product_brand":[],"product_cat":[1209,3181,2876],"product_tag":[],"class_list":{"0":"post-27528","1":"product","2":"type-product","3":"status-publish","5":"product_cat-analize","6":"product_cat-boli-autoimune","7":"product_cat-serviciu-laborator","9":"first","10":"instock","11":"sale","12":"virtual","13":"purchasable","14":"product-type-simple"},"acf":[],"aioseo_notices":[],"_links":{"self":[{"href":"https:\/\/www.clinica-sante.com\/ro\/wp-json\/wp\/v2\/product\/27528","targetHints":{"allow":["GET"]}}],"collection":[{"href":"https:\/\/www.clinica-sante.com\/ro\/wp-json\/wp\/v2\/product"}],"about":[{"href":"https:\/\/www.clinica-sante.com\/ro\/wp-json\/wp\/v2\/types\/product"}],"wp:attachment":[{"href":"https:\/\/www.clinica-sante.com\/ro\/wp-json\/wp\/v2\/media?parent=27528"}],"wp:term":[{"taxonomy":"product_brand","embeddable":true,"href":"https:\/\/www.clinica-sante.com\/ro\/wp-json\/wp\/v2\/product_brand?post=27528"},{"taxonomy":"product_cat","embeddable":true,"href":"https:\/\/www.clinica-sante.com\/ro\/wp-json\/wp\/v2\/product_cat?post=27528"},{"taxonomy":"product_tag","embeddable":true,"href":"https:\/\/www.clinica-sante.com\/ro\/wp-json\/wp\/v2\/product_tag?post=27528"}],"curies":[{"name":"wp","href":"https:\/\/api.w.org\/{rel}","templated":true}]}}