{"id":27513,"date":"2025-06-24T16:40:04","date_gmt":"2025-06-24T13:40:04","guid":{"rendered":"https:\/\/www.clinica-sante.com\/ro\/analize-fara-categorie\/profil-ana-extins-nrnp-sm-sm-ss-a-ro-52-ss-b-scl-70-pm-scl-jo-1-cen-b-pcna-dsdna-nucleozomi-histone-proteine-p-ribozomale-ama-m2-dsf70\/"},"modified":"2026-01-05T19:15:45","modified_gmt":"2026-01-05T17:15:45","slug":"profil-ana-extins-nrnp-sm-sm-ss-a-ro-52-ss-b-scl-70-pm-scl-jo-1-cen-b-pcna-dsdna-nucleozomi-histone-proteine-p-ribozomale-ama-m2-dsf70","status":"publish","type":"product","link":"https:\/\/www.clinica-sante.com\/ro\/analize-boli-autoimune\/profil-ana-extins-nrnp-sm-sm-ss-a-ro-52-ss-b-scl-70-pm-scl-jo-1-cen-b-pcna-dsdna-nucleozomi-histone-proteine-p-ribozomale-ama-m2-dsf70\/","title":{"rendered":"Profil ANA extins (nRNP\/Sm, Sm, SS-A, Ro-52, SS-B, Scl-70, PM-Scl, Jo-1, CEN B, PCNA, dsDNA, nucleozomi, histone, proteine-P ribozomale, AMA M2, DSF70)"},"content":{"rendered":"","protected":false},"excerpt":{"rendered":"<p>Panelul detecteaz\u0103 prezen\u021ba \u00een s\u00e2nge a unor autoanticorpi (ANA-anticorpi antinucleari) care se leag\u0103 de structurile nucleare \u0219i sunt asocia\u021bi cu boli autoimune sistemice. Testul este util pentru diagnosticul \u0219i monitorizarea lupusului eritematos sistemic, sclerozei sistemice, miozitei \u0219i altor colagenoze.<\/p>\n","protected":false},"featured_media":0,"template":"","meta":{"_acf_changed":false,"inline_featured_image":false},"product_brand":[],"product_cat":[1209,3181,2876],"product_tag":[],"class_list":{"0":"post-27513","1":"product","2":"type-product","3":"status-publish","5":"product_cat-analize","6":"product_cat-boli-autoimune","7":"product_cat-serviciu-laborator","8":"pa_conditii-medicale-afecti-lupus-eritematos-sistemic","10":"first","11":"instock","12":"sale","13":"virtual","14":"purchasable","15":"product-type-simple"},"acf":[],"aioseo_notices":[],"_links":{"self":[{"href":"https:\/\/www.clinica-sante.com\/ro\/wp-json\/wp\/v2\/product\/27513","targetHints":{"allow":["GET"]}}],"collection":[{"href":"https:\/\/www.clinica-sante.com\/ro\/wp-json\/wp\/v2\/product"}],"about":[{"href":"https:\/\/www.clinica-sante.com\/ro\/wp-json\/wp\/v2\/types\/product"}],"wp:attachment":[{"href":"https:\/\/www.clinica-sante.com\/ro\/wp-json\/wp\/v2\/media?parent=27513"}],"wp:term":[{"taxonomy":"product_brand","embeddable":true,"href":"https:\/\/www.clinica-sante.com\/ro\/wp-json\/wp\/v2\/product_brand?post=27513"},{"taxonomy":"product_cat","embeddable":true,"href":"https:\/\/www.clinica-sante.com\/ro\/wp-json\/wp\/v2\/product_cat?post=27513"},{"taxonomy":"product_tag","embeddable":true,"href":"https:\/\/www.clinica-sante.com\/ro\/wp-json\/wp\/v2\/product_tag?post=27513"}],"curies":[{"name":"wp","href":"https:\/\/api.w.org\/{rel}","templated":true}]}}