{"id":27491,"date":"2025-06-24T16:38:53","date_gmt":"2025-06-24T13:38:53","guid":{"rendered":"https:\/\/www.clinica-sante.com\/ro\/analize-fara-categorie\/anticorpi-anticardiolipinici-igm\/"},"modified":"2026-01-05T19:15:48","modified_gmt":"2026-01-05T17:15:48","slug":"anticorpi-anticardiolipinici-igm","status":"publish","type":"product","link":"https:\/\/www.clinica-sante.com\/ro\/analize-boli-autoimune\/anticorpi-anticardiolipinici-igm\/","title":{"rendered":"Anticorpi anticardiolipinici IgM"},"content":{"rendered":"","protected":false},"excerpt":{"rendered":"<p>Sunt autoanticorpi \u00eempotriva cardiolipinei, o component\u0103 celular\u0103, cu rol \u00een procesul de coagulare. Sunt utili \u00een diagnosticul sindromului antifosfolipidic \u0219i indica\u021bi pentru evaluarea trombozelor recurente, complica\u021biilor \u00een sarcin\u0103 \u0219i a unor boli autoimune.<\/p>\n","protected":false},"featured_media":0,"template":"","meta":{"_acf_changed":false,"inline_featured_image":false},"product_brand":[],"product_cat":[1209,3181,2876],"product_tag":[],"class_list":{"0":"post-27491","1":"product","2":"type-product","3":"status-publish","5":"product_cat-analize","6":"product_cat-boli-autoimune","7":"product_cat-serviciu-laborator","9":"first","10":"instock","11":"sale","12":"virtual","13":"purchasable","14":"product-type-simple"},"acf":[],"aioseo_notices":[],"_links":{"self":[{"href":"https:\/\/www.clinica-sante.com\/ro\/wp-json\/wp\/v2\/product\/27491","targetHints":{"allow":["GET"]}}],"collection":[{"href":"https:\/\/www.clinica-sante.com\/ro\/wp-json\/wp\/v2\/product"}],"about":[{"href":"https:\/\/www.clinica-sante.com\/ro\/wp-json\/wp\/v2\/types\/product"}],"wp:attachment":[{"href":"https:\/\/www.clinica-sante.com\/ro\/wp-json\/wp\/v2\/media?parent=27491"}],"wp:term":[{"taxonomy":"product_brand","embeddable":true,"href":"https:\/\/www.clinica-sante.com\/ro\/wp-json\/wp\/v2\/product_brand?post=27491"},{"taxonomy":"product_cat","embeddable":true,"href":"https:\/\/www.clinica-sante.com\/ro\/wp-json\/wp\/v2\/product_cat?post=27491"},{"taxonomy":"product_tag","embeddable":true,"href":"https:\/\/www.clinica-sante.com\/ro\/wp-json\/wp\/v2\/product_tag?post=27491"}],"curies":[{"name":"wp","href":"https:\/\/api.w.org\/{rel}","templated":true}]}}