{"id":27489,"date":"2025-06-24T16:38:47","date_gmt":"2025-06-24T13:38:47","guid":{"rendered":"https:\/\/www.clinica-sante.com\/ro\/analize-fara-categorie\/albumina-serica\/"},"modified":"2026-01-05T19:13:47","modified_gmt":"2026-01-05T17:13:47","slug":"albumina-serica","status":"publish","type":"product","link":"https:\/\/www.clinica-sante.com\/ro\/analize-biochimie\/albumina-serica\/","title":{"rendered":"Albumina serica"},"content":{"rendered":"","protected":false},"excerpt":{"rendered":"<p>Albumina este principala protein\u0103 din s\u00e2nge \u0219i este un test de baz\u0103 \u00een evaluarea st\u0103rii generale de s\u0103n\u0103tate. Este un indicator al statusului nutri\u021bional, precum \u0219i al func\u021biei hepatice \u0219i renale, fiind util\u0103 \u00een moitorizarea unei game largi de afec\u021biuni.<\/p>\n","protected":false},"featured_media":0,"template":"","meta":{"_acf_changed":false,"inline_featured_image":false},"product_brand":[],"product_cat":[1209,3169,2876],"product_tag":[],"class_list":{"0":"post-27489","1":"product","2":"type-product","3":"status-publish","5":"product_cat-analize","6":"product_cat-biochimie","7":"product_cat-serviciu-laborator","8":"pa_conditii-medicale-afecti-boala-celiaca","9":"pa_conditii-medicale-afecti-boala-steatozica-hepatica","10":"pa_conditii-medicale-afecti-boli-inflamatorii-intestinale-rectocolita-ulcerohemoragica-boala-crohn","11":"pa_conditii-medicale-afecti-colangita-biliara-primitiva","12":"pa_conditii-medicale-afecti-insuficienta-hepatica-ciroza-hepatica","13":"pa_conditii-medicale-afecti-testarea-functiei-hepato-biliare","14":"pa_parti-ale-corpului-organ-ficat-si-colecist","15":"pa_parti-ale-corpului-siste-sistem-digestiv","17":"first","18":"instock","19":"sale","20":"virtual","21":"purchasable","22":"product-type-simple"},"acf":[],"aioseo_notices":[],"_links":{"self":[{"href":"https:\/\/www.clinica-sante.com\/ro\/wp-json\/wp\/v2\/product\/27489","targetHints":{"allow":["GET"]}}],"collection":[{"href":"https:\/\/www.clinica-sante.com\/ro\/wp-json\/wp\/v2\/product"}],"about":[{"href":"https:\/\/www.clinica-sante.com\/ro\/wp-json\/wp\/v2\/types\/product"}],"wp:attachment":[{"href":"https:\/\/www.clinica-sante.com\/ro\/wp-json\/wp\/v2\/media?parent=27489"}],"wp:term":[{"taxonomy":"product_brand","embeddable":true,"href":"https:\/\/www.clinica-sante.com\/ro\/wp-json\/wp\/v2\/product_brand?post=27489"},{"taxonomy":"product_cat","embeddable":true,"href":"https:\/\/www.clinica-sante.com\/ro\/wp-json\/wp\/v2\/product_cat?post=27489"},{"taxonomy":"product_tag","embeddable":true,"href":"https:\/\/www.clinica-sante.com\/ro\/wp-json\/wp\/v2\/product_tag?post=27489"}],"curies":[{"name":"wp","href":"https:\/\/api.w.org\/{rel}","templated":true}]}}