{"id":27472,"date":"2025-06-24T16:37:46","date_gmt":"2025-06-24T13:37:46","guid":{"rendered":"https:\/\/www.clinica-sante.com\/ro\/analize-fara-categorie\/proteine-totale-serice\/"},"modified":"2026-01-05T19:15:51","modified_gmt":"2026-01-05T17:15:51","slug":"proteine-totale-serice","status":"publish","type":"product","link":"https:\/\/www.clinica-sante.com\/ro\/analize-biochimie\/proteine-totale-serice\/","title":{"rendered":"Proteine totale serice"},"content":{"rendered":"","protected":false},"excerpt":{"rendered":"<p>Proteinele totale serice m\u0103soar\u0103 cantitatea total\u0103 de proteine din s\u00e2nge (albumin\u0103 \u0219i globuline) \u0219i ofer\u0103 informa\u021bii despre starea de nutri\u021bie, func\u021bia hepatic\u0103 \u0219i renal\u0103. Determinarea este util\u0103 \u00een evaluarea bolilor cronice, afec\u021biunilor hepatice \u0219i renale, precum \u0219i \u00een monitorizarea terapiei nutri\u021bionale.<\/p>\n","protected":false},"featured_media":0,"template":"","meta":{"_acf_changed":false,"inline_featured_image":false},"product_brand":[],"product_cat":[1209,3169,2876],"product_tag":[],"class_list":{"0":"post-27472","1":"product","2":"type-product","3":"status-publish","5":"product_cat-analize","6":"product_cat-biochimie","7":"product_cat-serviciu-laborator","8":"pa_conditii-medicale-afecti-boala-celiaca","9":"pa_conditii-medicale-afecti-boala-steatozica-hepatica","10":"pa_conditii-medicale-afecti-insuficienta-hepatica-ciroza-hepatica","11":"pa_conditii-medicale-afecti-testarea-functiei-hepato-biliare","12":"pa_parti-ale-corpului-organ-ficat-si-colecist","13":"pa_parti-ale-corpului-siste-sistem-digestiv","15":"first","16":"instock","17":"sale","18":"virtual","19":"purchasable","20":"product-type-simple"},"acf":[],"aioseo_notices":[],"_links":{"self":[{"href":"https:\/\/www.clinica-sante.com\/ro\/wp-json\/wp\/v2\/product\/27472","targetHints":{"allow":["GET"]}}],"collection":[{"href":"https:\/\/www.clinica-sante.com\/ro\/wp-json\/wp\/v2\/product"}],"about":[{"href":"https:\/\/www.clinica-sante.com\/ro\/wp-json\/wp\/v2\/types\/product"}],"wp:attachment":[{"href":"https:\/\/www.clinica-sante.com\/ro\/wp-json\/wp\/v2\/media?parent=27472"}],"wp:term":[{"taxonomy":"product_brand","embeddable":true,"href":"https:\/\/www.clinica-sante.com\/ro\/wp-json\/wp\/v2\/product_brand?post=27472"},{"taxonomy":"product_cat","embeddable":true,"href":"https:\/\/www.clinica-sante.com\/ro\/wp-json\/wp\/v2\/product_cat?post=27472"},{"taxonomy":"product_tag","embeddable":true,"href":"https:\/\/www.clinica-sante.com\/ro\/wp-json\/wp\/v2\/product_tag?post=27472"}],"curies":[{"name":"wp","href":"https:\/\/api.w.org\/{rel}","templated":true}]}}