{"id":27461,"date":"2025-06-24T16:37:10","date_gmt":"2025-06-24T13:37:10","guid":{"rendered":"https:\/\/www.clinica-sante.com\/ro\/analize-fara-categorie\/toxoplasma-gondii-anticorpi-igm\/"},"modified":"2026-01-05T19:13:05","modified_gmt":"2026-01-05T17:13:05","slug":"toxoplasma-gondii-anticorpi-igm","status":"publish","type":"product","link":"https:\/\/www.clinica-sante.com\/ro\/analize-boli-infectioase\/toxoplasma-gondii-anticorpi-igm\/","title":{"rendered":"Toxoplasma gondii: Anticorpi IgM"},"content":{"rendered":"","protected":false},"excerpt":{"rendered":"<p>Anticorpii IgM anti-Toxoplasma gondii sugereaz\u0103 o infec\u021bie recent\u0103 sau activ\u0103. Este un test important \u00een sarcin\u0103 pentru depistarea riscului de toxoplasmoz\u0103 congenital\u0103, dar \u0219i \u00een diagnosticul infec\u021biilor acute la pacien\u021bii imunodeprima\u021bi.<\/p>\n","protected":false},"featured_media":0,"template":"","meta":{"_acf_changed":false,"inline_featured_image":false},"product_brand":[],"product_cat":[1209,3179,2876],"product_tag":[],"class_list":{"0":"post-27461","1":"product","2":"type-product","3":"status-publish","5":"product_cat-analize","6":"product_cat-boli-infectioase","7":"product_cat-serviciu-laborator","9":"first","10":"instock","11":"sale","12":"virtual","13":"purchasable","14":"product-type-simple"},"acf":[],"aioseo_notices":[],"_links":{"self":[{"href":"https:\/\/www.clinica-sante.com\/ro\/wp-json\/wp\/v2\/product\/27461","targetHints":{"allow":["GET"]}}],"collection":[{"href":"https:\/\/www.clinica-sante.com\/ro\/wp-json\/wp\/v2\/product"}],"about":[{"href":"https:\/\/www.clinica-sante.com\/ro\/wp-json\/wp\/v2\/types\/product"}],"wp:attachment":[{"href":"https:\/\/www.clinica-sante.com\/ro\/wp-json\/wp\/v2\/media?parent=27461"}],"wp:term":[{"taxonomy":"product_brand","embeddable":true,"href":"https:\/\/www.clinica-sante.com\/ro\/wp-json\/wp\/v2\/product_brand?post=27461"},{"taxonomy":"product_cat","embeddable":true,"href":"https:\/\/www.clinica-sante.com\/ro\/wp-json\/wp\/v2\/product_cat?post=27461"},{"taxonomy":"product_tag","embeddable":true,"href":"https:\/\/www.clinica-sante.com\/ro\/wp-json\/wp\/v2\/product_tag?post=27461"}],"curies":[{"name":"wp","href":"https:\/\/api.w.org\/{rel}","templated":true}]}}