{"id":27459,"date":"2025-06-24T16:37:04","date_gmt":"2025-06-24T13:37:04","guid":{"rendered":"https:\/\/www.clinica-sante.com\/ro\/analize-fara-categorie\/chlamydia-trachomatis-anticorpi-iga\/"},"modified":"2026-01-05T19:15:25","modified_gmt":"2026-01-05T17:15:25","slug":"chlamydia-trachomatis-anticorpi-iga","status":"publish","type":"product","link":"https:\/\/www.clinica-sante.com\/ro\/analize-boli-infectioase\/chlamydia-trachomatis-anticorpi-iga\/","title":{"rendered":"Chlamydia trachomatis: Anticorpi IgA"},"content":{"rendered":"","protected":false},"excerpt":{"rendered":"<p>Anticorpii IgA anti-Chlamydia trachomatis sugereaz\u0103 o infec\u021bie activ\u0103 cu aceast\u0103 bacterie, la nivelul tractului genito-urinar. Testul este util \u00een diagnosticul \u0219i monitorizarea infec\u021biilor cronice sau recurente, mai ales \u00een cazurile complicate cu infertilitate, salpingit\u0103 sau boal\u0103 inflamatorie pelvin\u0103.<\/p>\n","protected":false},"featured_media":0,"template":"","meta":{"_acf_changed":false,"inline_featured_image":false},"product_brand":[],"product_cat":[1209,3179,2876],"product_tag":[],"class_list":{"0":"post-27459","1":"product","2":"type-product","3":"status-publish","5":"product_cat-analize","6":"product_cat-boli-infectioase","7":"product_cat-serviciu-laborator","9":"first","10":"instock","11":"sale","12":"virtual","13":"purchasable","14":"product-type-simple"},"acf":[],"_links":{"self":[{"href":"https:\/\/www.clinica-sante.com\/ro\/wp-json\/wp\/v2\/product\/27459","targetHints":{"allow":["GET"]}}],"collection":[{"href":"https:\/\/www.clinica-sante.com\/ro\/wp-json\/wp\/v2\/product"}],"about":[{"href":"https:\/\/www.clinica-sante.com\/ro\/wp-json\/wp\/v2\/types\/product"}],"wp:attachment":[{"href":"https:\/\/www.clinica-sante.com\/ro\/wp-json\/wp\/v2\/media?parent=27459"}],"wp:term":[{"taxonomy":"product_brand","embeddable":true,"href":"https:\/\/www.clinica-sante.com\/ro\/wp-json\/wp\/v2\/product_brand?post=27459"},{"taxonomy":"product_cat","embeddable":true,"href":"https:\/\/www.clinica-sante.com\/ro\/wp-json\/wp\/v2\/product_cat?post=27459"},{"taxonomy":"product_tag","embeddable":true,"href":"https:\/\/www.clinica-sante.com\/ro\/wp-json\/wp\/v2\/product_tag?post=27459"}],"curies":[{"name":"wp","href":"https:\/\/api.w.org\/{rel}","templated":true}]}}