{"id":27455,"date":"2025-06-24T16:36:51","date_gmt":"2025-06-24T13:36:51","guid":{"rendered":"https:\/\/www.clinica-sante.com\/ro\/analize-fara-categorie\/lh-hormon-luteinizant\/"},"modified":"2026-01-05T19:13:23","modified_gmt":"2026-01-05T17:13:23","slug":"lh-hormon-luteinizant","status":"publish","type":"product","link":"https:\/\/www.clinica-sante.com\/ro\/analize-imunologie\/lh-hormon-luteinizant\/","title":{"rendered":"LH (hormon luteinizant)"},"content":{"rendered":"","protected":false},"excerpt":{"rendered":"<p>LH (hormonul luteinizant) este un hormon gonadotrop produs de glanda hipofiz\u0103, esen\u021bial pentru ovula\u021bie \u0219i reglarea ciclului menstural la femei, respectiv secre\u021bia de testosteron la b\u0103rba\u021bi. Analiza este important\u0103 \u00een evaluarea problemelor de fertilitate, tulbur\u0103rilor pubertare \u0219i altor afec\u021biuni ale sistemului reproduc\u0103tor.<\/p>\n","protected":false},"featured_media":0,"template":"","meta":{"_acf_changed":false,"inline_featured_image":false},"product_brand":[],"product_cat":[1209,3180,2876],"product_tag":[],"class_list":{"0":"post-27455","1":"product","2":"type-product","3":"status-publish","5":"product_cat-analize","6":"product_cat-imunologie","7":"product_cat-serviciu-laborator","8":"pa_conditii-medicale-afecti-disfuctie-erectila","9":"pa_conditii-medicale-afecti-ginecomastie","10":"pa_conditii-medicale-afecti-tulburari-de-ciclu-menstrual-amenoree-sopc","11":"pa_conditii-medicale-afecti-tumori-hipofizare","13":"first","14":"instock","15":"sale","16":"virtual","17":"purchasable","18":"product-type-simple"},"acf":[],"aioseo_notices":[],"_links":{"self":[{"href":"https:\/\/www.clinica-sante.com\/ro\/wp-json\/wp\/v2\/product\/27455","targetHints":{"allow":["GET"]}}],"collection":[{"href":"https:\/\/www.clinica-sante.com\/ro\/wp-json\/wp\/v2\/product"}],"about":[{"href":"https:\/\/www.clinica-sante.com\/ro\/wp-json\/wp\/v2\/types\/product"}],"wp:attachment":[{"href":"https:\/\/www.clinica-sante.com\/ro\/wp-json\/wp\/v2\/media?parent=27455"}],"wp:term":[{"taxonomy":"product_brand","embeddable":true,"href":"https:\/\/www.clinica-sante.com\/ro\/wp-json\/wp\/v2\/product_brand?post=27455"},{"taxonomy":"product_cat","embeddable":true,"href":"https:\/\/www.clinica-sante.com\/ro\/wp-json\/wp\/v2\/product_cat?post=27455"},{"taxonomy":"product_tag","embeddable":true,"href":"https:\/\/www.clinica-sante.com\/ro\/wp-json\/wp\/v2\/product_tag?post=27455"}],"curies":[{"name":"wp","href":"https:\/\/api.w.org\/{rel}","templated":true}]}}