{"id":27409,"date":"2025-06-24T15:59:26","date_gmt":"2025-06-24T12:59:26","guid":{"rendered":"https:\/\/www.clinica-sante.com\/ro\/analize-fara-categorie\/amilaza-serica\/"},"modified":"2026-01-05T19:12:34","modified_gmt":"2026-01-05T17:12:34","slug":"amilaza-serica","status":"publish","type":"product","link":"https:\/\/www.clinica-sante.com\/ro\/analize-biochimie\/amilaza-serica\/","title":{"rendered":"Amilaza serica"},"content":{"rendered":"","protected":false},"excerpt":{"rendered":"<p>Amilaza este o enzim\u0103 produs\u0103 de pancreas \u0219i glandele salivare, cu rol \u00een digestia carbohidra\u021bilor. Nivelurile crescute indic\u0103 de obicei pancreatit\u0103, dar pot ap\u0103rea \u0219i \u00een alte afec\u021biuni digestive. Este un marker important al func\u021biei pancreatice \u0219i pentru evaluarea durerilor abdominale acute.<\/p>\n","protected":false},"featured_media":0,"template":"","meta":{"_acf_changed":false,"inline_featured_image":false},"product_brand":[],"product_cat":[1209,3169,2876],"product_tag":[],"class_list":{"0":"post-27409","1":"product","2":"type-product","3":"status-publish","5":"product_cat-analize","6":"product_cat-biochimie","7":"product_cat-serviciu-laborator","8":"pa_conditii-medicale-afecti-insuficienta-pancreatica","9":"pa_conditii-medicale-afecti-litiaza-biliara-icter","10":"pa_conditii-medicale-afecti-pancreatita-afectiuni-inflamatorii","11":"pa_parti-ale-corpului-organ-ficat-si-colecist","12":"pa_parti-ale-corpului-organ-pancreas","13":"pa_parti-ale-corpului-siste-sistem-digestiv","15":"first","16":"instock","17":"sale","18":"virtual","19":"purchasable","20":"product-type-simple"},"acf":[],"aioseo_notices":[],"_links":{"self":[{"href":"https:\/\/www.clinica-sante.com\/ro\/wp-json\/wp\/v2\/product\/27409","targetHints":{"allow":["GET"]}}],"collection":[{"href":"https:\/\/www.clinica-sante.com\/ro\/wp-json\/wp\/v2\/product"}],"about":[{"href":"https:\/\/www.clinica-sante.com\/ro\/wp-json\/wp\/v2\/types\/product"}],"wp:attachment":[{"href":"https:\/\/www.clinica-sante.com\/ro\/wp-json\/wp\/v2\/media?parent=27409"}],"wp:term":[{"taxonomy":"product_brand","embeddable":true,"href":"https:\/\/www.clinica-sante.com\/ro\/wp-json\/wp\/v2\/product_brand?post=27409"},{"taxonomy":"product_cat","embeddable":true,"href":"https:\/\/www.clinica-sante.com\/ro\/wp-json\/wp\/v2\/product_cat?post=27409"},{"taxonomy":"product_tag","embeddable":true,"href":"https:\/\/www.clinica-sante.com\/ro\/wp-json\/wp\/v2\/product_tag?post=27409"}],"curies":[{"name":"wp","href":"https:\/\/api.w.org\/{rel}","templated":true}]}}