{"id":27390,"date":"2025-06-24T14:58:26","date_gmt":"2025-06-24T12:58:26","guid":{"rendered":"https:\/\/www.clinica-sante.com\/ro\/analize-fara-categorie\/ige-specific-la-par-de-pisica-alergen-recombinant-rfel-d-4-e228\/"},"modified":"2026-01-03T17:43:41","modified_gmt":"2026-01-03T15:43:41","slug":"ige-specific-la-par-de-pisica-alergen-recombinant-rfel-d-4-e228","status":"publish","type":"product","link":"https:\/\/www.clinica-sante.com\/ro\/analize-alergologie\/ige-specific-la-par-de-pisica-alergen-recombinant-rfel-d-4-e228\/","title":{"rendered":"IgE specific la par de pisica, alergen recombinant rFel d 4 (e228)"},"content":{"rendered":"","protected":false},"excerpt":{"rendered":"<p>Testul identific\u0103 sensibilizarea la rFel d 4, o component\u0103 alergenic\u0103 din p\u0103rul \u0219i pielea pisicilor. Este indicat \u00een cazuri de rinit\u0103 alergic\u0103, astm sau conjunctivit\u0103 la persoane expuse frecvent la pisici. Poate ajuta la diferen\u021bierea tipurilor de alergii la animalele de companie.<\/p>\n","protected":false},"featured_media":0,"template":"","meta":{"_acf_changed":false,"inline_featured_image":false},"product_brand":[],"product_cat":[3151,1209,2876],"product_tag":[],"class_list":{"0":"post-27390","1":"product","2":"type-product","3":"status-publish","5":"product_cat-alergologie","6":"product_cat-analize","7":"product_cat-serviciu-laborator","8":"pa_conditii-medicale-afecti-alergii-respiratorii","9":"pa_parti-ale-corpului-organ-plamani","10":"pa_parti-ale-corpului-siste-sistem-respirator","12":"first","13":"instock","14":"sale","15":"virtual","16":"purchasable","17":"product-type-simple"},"acf":[],"aioseo_notices":[],"_links":{"self":[{"href":"https:\/\/www.clinica-sante.com\/ro\/wp-json\/wp\/v2\/product\/27390","targetHints":{"allow":["GET"]}}],"collection":[{"href":"https:\/\/www.clinica-sante.com\/ro\/wp-json\/wp\/v2\/product"}],"about":[{"href":"https:\/\/www.clinica-sante.com\/ro\/wp-json\/wp\/v2\/types\/product"}],"wp:attachment":[{"href":"https:\/\/www.clinica-sante.com\/ro\/wp-json\/wp\/v2\/media?parent=27390"}],"wp:term":[{"taxonomy":"product_brand","embeddable":true,"href":"https:\/\/www.clinica-sante.com\/ro\/wp-json\/wp\/v2\/product_brand?post=27390"},{"taxonomy":"product_cat","embeddable":true,"href":"https:\/\/www.clinica-sante.com\/ro\/wp-json\/wp\/v2\/product_cat?post=27390"},{"taxonomy":"product_tag","embeddable":true,"href":"https:\/\/www.clinica-sante.com\/ro\/wp-json\/wp\/v2\/product_tag?post=27390"}],"curies":[{"name":"wp","href":"https:\/\/api.w.org\/{rel}","templated":true}]}}