{"id":27387,"date":"2025-06-24T15:58:17","date_gmt":"2025-06-24T12:58:17","guid":{"rendered":"https:\/\/www.clinica-sante.com\/ro\/analize-fara-categorie\/11-deoxicortizol\/"},"modified":"2026-01-03T17:43:33","modified_gmt":"2026-01-03T15:43:33","slug":"11-deoxicortizol","status":"publish","type":"product","link":"https:\/\/www.clinica-sante.com\/ro\/analize-imunologie\/11-deoxicortizol\/","title":{"rendered":"11 deoxicortizol"},"content":{"rendered":"","protected":false},"excerpt":{"rendered":"<p>11-Deoxicortizolul este un precursor direct al cortizolului, implicat \u00een sinteza hormonilor corticosuprarenalieni. Analiza este util\u0103 \u00een evaluarea func\u021biei suprarenale, fiind indicat\u0103 \u00een diagnosticul hiperplaziei adrenale congenitale \u0219i \u00een investigarea altor tulbur\u0103ri endocrine cu afectare suprarenalian\u0103.<\/p>\n","protected":false},"featured_media":0,"template":"","meta":{"_acf_changed":false,"inline_featured_image":false},"product_brand":[],"product_cat":[1209,3180,2876],"product_tag":[],"class_list":{"0":"post-27387","1":"product","2":"type-product","3":"status-publish","5":"product_cat-analize","6":"product_cat-imunologie","7":"product_cat-serviciu-laborator","9":"first","10":"instock","11":"sale","12":"virtual","13":"purchasable","14":"product-type-simple"},"acf":[],"aioseo_notices":[],"_links":{"self":[{"href":"https:\/\/www.clinica-sante.com\/ro\/wp-json\/wp\/v2\/product\/27387","targetHints":{"allow":["GET"]}}],"collection":[{"href":"https:\/\/www.clinica-sante.com\/ro\/wp-json\/wp\/v2\/product"}],"about":[{"href":"https:\/\/www.clinica-sante.com\/ro\/wp-json\/wp\/v2\/types\/product"}],"wp:attachment":[{"href":"https:\/\/www.clinica-sante.com\/ro\/wp-json\/wp\/v2\/media?parent=27387"}],"wp:term":[{"taxonomy":"product_brand","embeddable":true,"href":"https:\/\/www.clinica-sante.com\/ro\/wp-json\/wp\/v2\/product_brand?post=27387"},{"taxonomy":"product_cat","embeddable":true,"href":"https:\/\/www.clinica-sante.com\/ro\/wp-json\/wp\/v2\/product_cat?post=27387"},{"taxonomy":"product_tag","embeddable":true,"href":"https:\/\/www.clinica-sante.com\/ro\/wp-json\/wp\/v2\/product_tag?post=27387"}],"curies":[{"name":"wp","href":"https:\/\/api.w.org\/{rel}","templated":true}]}}