{"id":27384,"date":"2025-06-24T15:58:07","date_gmt":"2025-06-24T12:58:07","guid":{"rendered":"https:\/\/www.clinica-sante.com\/ro\/analize-fara-categorie\/anticorpi-antifosfolipidici-igg\/"},"modified":"2026-01-05T19:12:17","modified_gmt":"2026-01-05T17:12:17","slug":"anticorpi-antifosfolipidici-igg","status":"publish","type":"product","link":"https:\/\/www.clinica-sante.com\/ro\/analize-boli-autoimune\/anticorpi-antifosfolipidici-igg\/","title":{"rendered":"Anticorpi antifosfolipidici IgG"},"content":{"rendered":"","protected":false},"excerpt":{"rendered":"<p>Anticorpii antifosfolipidici sunt autoanticorpi care atac\u0103 fosfolipidele, componente ale membranelor celulare. Este un test de s\u00e2nge, care contribuie la diagnosticul sindromului antifosfolipidic, o tulburare autoimun\u0103 asociat\u0103 cu tromboze recurente \u0219i complica\u021bii \u00een sarcin\u0103. Pot fi prezen\u021bi \u0219i \u00een diferite afec\u021biuni autoimune sau infec\u021bioase.<\/p>\n","protected":false},"featured_media":0,"template":"","meta":{"_acf_changed":false,"inline_featured_image":false},"product_brand":[],"product_cat":[1209,3181,2876],"product_tag":[],"class_list":{"0":"post-27384","1":"product","2":"type-product","3":"status-publish","5":"product_cat-analize","6":"product_cat-boli-autoimune","7":"product_cat-serviciu-laborator","8":"pa_conditii-medicale-afecti-istoric-de-accident-vascular-cerebral-avc","10":"first","11":"instock","12":"sale","13":"virtual","14":"purchasable","15":"product-type-simple"},"acf":[],"aioseo_notices":[],"_links":{"self":[{"href":"https:\/\/www.clinica-sante.com\/ro\/wp-json\/wp\/v2\/product\/27384","targetHints":{"allow":["GET"]}}],"collection":[{"href":"https:\/\/www.clinica-sante.com\/ro\/wp-json\/wp\/v2\/product"}],"about":[{"href":"https:\/\/www.clinica-sante.com\/ro\/wp-json\/wp\/v2\/types\/product"}],"wp:attachment":[{"href":"https:\/\/www.clinica-sante.com\/ro\/wp-json\/wp\/v2\/media?parent=27384"}],"wp:term":[{"taxonomy":"product_brand","embeddable":true,"href":"https:\/\/www.clinica-sante.com\/ro\/wp-json\/wp\/v2\/product_brand?post=27384"},{"taxonomy":"product_cat","embeddable":true,"href":"https:\/\/www.clinica-sante.com\/ro\/wp-json\/wp\/v2\/product_cat?post=27384"},{"taxonomy":"product_tag","embeddable":true,"href":"https:\/\/www.clinica-sante.com\/ro\/wp-json\/wp\/v2\/product_tag?post=27384"}],"curies":[{"name":"wp","href":"https:\/\/api.w.org\/{rel}","templated":true}]}}