{"id":27379,"date":"2025-06-24T15:57:52","date_gmt":"2025-06-24T12:57:52","guid":{"rendered":"https:\/\/www.clinica-sante.com\/ro\/analize-fara-categorie\/proteina-c-reactiva-hs-high-sensitive\/"},"modified":"2026-05-01T00:02:59","modified_gmt":"2026-04-30T21:02:59","slug":"proteina-c-reactiva-hs-high-sensitive","status":"publish","type":"product","link":"https:\/\/www.clinica-sante.com\/ro\/analize-biochimie\/proteina-c-reactiva-hs-high-sensitive\/","title":{"rendered":"Proteina C Reactiva HS (high sensitive)"},"content":{"rendered":"","protected":false},"excerpt":{"rendered":"<p>Proteina C reactiv\u0103 (PCR) este o protein\u0103 produs\u0103 \u00een ficat ca r\u0103spuns la inflama\u021bie sau leziuni de \u021besut. PCR HS este un marker de inflama\u021bie, fiind un indicator sensibil \u00een evaluarea riscului de boli cardiovasculare, precum boala coronarian\u0103 sau infarctul miocardic.<\/p>\n","protected":false},"featured_media":0,"template":"","meta":{"_acf_changed":false,"inline_featured_image":false},"product_brand":[],"product_cat":[1209,3169,2876],"product_tag":[],"class_list":{"0":"post-27379","1":"product","2":"type-product","3":"status-publish","5":"product_cat-analize","6":"product_cat-biochimie","7":"product_cat-serviciu-laborator","8":"pa_conditii-medicale-afecti-afectiuni-inflamatorii-infectioase-mastita-abces-mamar","9":"pa_conditii-medicale-afecti-afectiuni-inflamatorii-infectioase-prostatita-abces-prostatic","10":"pa_conditii-medicale-afecti-amiloidoza-cardiaca","11":"pa_conditii-medicale-afecti-boala-inflamatorie-pelvina","12":"pa_conditii-medicale-afecti-boli-inflamatorii-intestinale-rectocolita-ulcerohemoragica-boala-crohn","13":"pa_conditii-medicale-afecti-colecistita","14":"pa_conditii-medicale-afecti-guta","15":"pa_conditii-medicale-afecti-infectii-pielonefrita","16":"pa_conditii-medicale-afecti-infectii-ale-sistemului-nervos-meningite-encefalite-neuroborelioza-sifilis","17":"pa_conditii-medicale-afecti-orhiepididimita","18":"pa_conditii-medicale-afecti-poliartrita-reumatoida","19":"pa_conditii-medicale-afecti-sarcoidoza","20":"pa_conditii-medicale-afecti-sindrom-de-intestin-iritabil","21":"pa_conditii-medicale-afecti-spondilita-anchilozanta","22":"pa_parti-ale-corpului-organ-ficat-si-colecist","23":"pa_parti-ale-corpului-organ-plamani","24":"pa_parti-ale-corpului-siste-sistem-digestiv","25":"pa_parti-ale-corpului-siste-sistem-respirator","27":"first","28":"instock","29":"sale","30":"virtual","31":"purchasable","32":"product-type-simple"},"acf":[],"_links":{"self":[{"href":"https:\/\/www.clinica-sante.com\/ro\/wp-json\/wp\/v2\/product\/27379","targetHints":{"allow":["GET"]}}],"collection":[{"href":"https:\/\/www.clinica-sante.com\/ro\/wp-json\/wp\/v2\/product"}],"about":[{"href":"https:\/\/www.clinica-sante.com\/ro\/wp-json\/wp\/v2\/types\/product"}],"wp:attachment":[{"href":"https:\/\/www.clinica-sante.com\/ro\/wp-json\/wp\/v2\/media?parent=27379"}],"wp:term":[{"taxonomy":"product_brand","embeddable":true,"href":"https:\/\/www.clinica-sante.com\/ro\/wp-json\/wp\/v2\/product_brand?post=27379"},{"taxonomy":"product_cat","embeddable":true,"href":"https:\/\/www.clinica-sante.com\/ro\/wp-json\/wp\/v2\/product_cat?post=27379"},{"taxonomy":"product_tag","embeddable":true,"href":"https:\/\/www.clinica-sante.com\/ro\/wp-json\/wp\/v2\/product_tag?post=27379"}],"curies":[{"name":"wp","href":"https:\/\/api.w.org\/{rel}","templated":true}]}}