{"id":27373,"date":"2025-06-24T15:57:33","date_gmt":"2025-06-24T12:57:33","guid":{"rendered":"https:\/\/www.clinica-sante.com\/ro\/analize-fara-categorie\/anticorpi-antiovarieni\/"},"modified":"2026-01-03T17:42:52","modified_gmt":"2026-01-03T15:42:52","slug":"anticorpi-antiovarieni","status":"publish","type":"product","link":"https:\/\/www.clinica-sante.com\/ro\/analize-boli-autoimune\/anticorpi-antiovarieni\/","title":{"rendered":"Anticorpi antiovarieni"},"content":{"rendered":"","protected":false},"excerpt":{"rendered":"<p>Analiza detecteaz\u0103 autoanticorpii \u00eendrepta\u021bi \u00eempotriva \u021besutului ovarian, asocia\u021bi cu insuficien\u021ba ovarian\u0103 autoimun\u0103. Este recomandat\u0103 la femei cu amenoree, infertilitate de cauz\u0103 neexplicat\u0103 sau suspiciune de sindrom poliglandular autoimun.<\/p>\n","protected":false},"featured_media":0,"template":"","meta":{"_acf_changed":false,"inline_featured_image":false},"product_brand":[],"product_cat":[1209,3181,2876],"product_tag":[],"class_list":{"0":"post-27373","1":"product","2":"type-product","3":"status-publish","5":"product_cat-analize","6":"product_cat-boli-autoimune","7":"product_cat-serviciu-laborator","9":"first","10":"instock","11":"sale","12":"virtual","13":"purchasable","14":"product-type-simple"},"acf":[],"aioseo_notices":[],"_links":{"self":[{"href":"https:\/\/www.clinica-sante.com\/ro\/wp-json\/wp\/v2\/product\/27373","targetHints":{"allow":["GET"]}}],"collection":[{"href":"https:\/\/www.clinica-sante.com\/ro\/wp-json\/wp\/v2\/product"}],"about":[{"href":"https:\/\/www.clinica-sante.com\/ro\/wp-json\/wp\/v2\/types\/product"}],"wp:attachment":[{"href":"https:\/\/www.clinica-sante.com\/ro\/wp-json\/wp\/v2\/media?parent=27373"}],"wp:term":[{"taxonomy":"product_brand","embeddable":true,"href":"https:\/\/www.clinica-sante.com\/ro\/wp-json\/wp\/v2\/product_brand?post=27373"},{"taxonomy":"product_cat","embeddable":true,"href":"https:\/\/www.clinica-sante.com\/ro\/wp-json\/wp\/v2\/product_cat?post=27373"},{"taxonomy":"product_tag","embeddable":true,"href":"https:\/\/www.clinica-sante.com\/ro\/wp-json\/wp\/v2\/product_tag?post=27373"}],"curies":[{"name":"wp","href":"https:\/\/api.w.org\/{rel}","templated":true}]}}